{"id":5324,"date":"2019-03-20T10:05:03","date_gmt":"2019-03-20T10:05:03","guid":{"rendered":"http:\/\/arbatax-park-group.ms.decms.eu\/youngsters\/"},"modified":"2019-04-08T07:24:49","modified_gmt":"2019-04-08T07:24:49","slug":"jeunes","status":"publish","type":"page","link":"https:\/\/www.arbataxpark.com\/fr\/jeunes\/","title":{"rendered":"Jeunes"},"content":{"rendered":"<p>Les loisirs et le plaisir r\u00e8gnent en ma\u00eetre \u00e0 l\u2019Arbatax Park Resort. Au c\u0153ur du maquis m\u00e9diterran\u00e9en, vous pourrez appr\u00e9cier le plaisir de la d\u00e9tente sur les plages ou dans les piscines du village, participer aux activit\u00e9s sportives et prendre part aux spectacles d\u2019animation. Un programme complet d\u2019animations en journ\u00e9e et en soir\u00e9e vous sera propos\u00e9 avec des jeux, des tournois, des spectacles et du cabaret, du cin\u00e9ma sous les \u00e9toiles, des soir\u00e9es dansantes, le piano bar, les s\u00e9ances de sport, les sports nautiques, la plong\u00e9e sous-marine et plus encore. Les clients qui aiment s\u2019amuser le soir pourront terminer les chaudes soir\u00e9es d\u2019\u00e9t\u00e9 sous les \u00e9toiles dans la discoth\u00e8que en plein air. Ne manquez pas les merveilleuses excursions hors des sentiers battus, \u00e0 pied ou en mer dans la r\u00e9gion pr\u00e9serv\u00e9e et pittoresque de l\u2019Ogliastra.<\/p>\n","protected":false},"excerpt":{"rendered":"<p>Les loisirs et le plaisir r\u00e8gnent en ma\u00eetre \u00e0 l\u2019Arbatax Park Resort. Au c\u0153ur du maquis m\u00e9diterran\u00e9en, vous pourrez appr\u00e9cier le plaisir de la d\u00e9tente sur les plages ou dans les piscines du village, participer aux activit\u00e9s sportives et prendre part aux spectacles d\u2019animation. Un programme complet d\u2019animations en journ\u00e9e et en soir\u00e9e vous sera [&hellip;]<\/p>\n","protected":false},"author":18,"featured_media":0,"parent":0,"menu_order":5400,"comment_status":"closed","ping_status":"closed","template":"template-emotional.php","meta":{"footnotes":""},"class_list":["post-5324","page","type-page","status-publish","hentry"],"yoast_head":"<!-- This site is optimized with the Yoast SEO plugin v26.9 - https:\/\/yoast.com\/product\/yoast-seo-wordpress\/ -->\n<title>Jeunes - Arbatax Park<\/title>\n<meta name=\"robots\" content=\"index, follow, max-snippet:-1, max-image-preview:large, max-video-preview:-1\" \/>\n<link rel=\"canonical\" href=\"https:\/\/www.arbataxpark.com\/fr\/jeunes\/\" \/>\n<meta property=\"og:locale\" content=\"fr_FR\" \/>\n<meta property=\"og:type\" content=\"article\" \/>\n<meta property=\"og:title\" content=\"Jeunes - Arbatax Park\" \/>\n<meta property=\"og:description\" content=\"Les loisirs et le plaisir r\u00e8gnent en ma\u00eetre \u00e0 l\u2019Arbatax Park Resort. Au c\u0153ur du maquis m\u00e9diterran\u00e9en, vous pourrez appr\u00e9cier le plaisir de la d\u00e9tente sur les plages ou dans les piscines du village, participer aux activit\u00e9s sportives et prendre part aux spectacles d\u2019animation. Un programme complet d\u2019animations en journ\u00e9e et en soir\u00e9e vous sera [&hellip;]\" \/>\n<meta property=\"og:url\" content=\"https:\/\/www.arbataxpark.com\/fr\/jeunes\/\" \/>\n<meta property=\"og:site_name\" content=\"Arbatax Park\" \/>\n<meta property=\"article:modified_time\" content=\"2019-04-08T07:24:49+00:00\" \/>\n<meta name=\"twitter:card\" content=\"summary_large_image\" \/>\n<meta name=\"twitter:label1\" content=\"Dur\u00e9e de lecture estim\u00e9e\" \/>\n\t<meta name=\"twitter:data1\" content=\"1 minute\" \/>\n<script type=\"application\/ld+json\" class=\"yoast-schema-graph\">{\"@context\":\"https:\/\/schema.org\",\"@graph\":[{\"@type\":\"WebPage\",\"@id\":\"https:\/\/www.arbataxpark.com\/fr\/jeunes\/\",\"url\":\"https:\/\/www.arbataxpark.com\/fr\/jeunes\/\",\"name\":\"Jeunes - Arbatax Park\",\"isPartOf\":{\"@id\":\"https:\/\/www.arbataxpark.com\/fr\/#website\"},\"datePublished\":\"2019-03-20T10:05:03+00:00\",\"dateModified\":\"2019-04-08T07:24:49+00:00\",\"breadcrumb\":{\"@id\":\"https:\/\/www.arbataxpark.com\/fr\/jeunes\/#breadcrumb\"},\"inLanguage\":\"fr-FR\",\"potentialAction\":[{\"@type\":\"ReadAction\",\"target\":[\"https:\/\/www.arbataxpark.com\/fr\/jeunes\/\"]}]},{\"@type\":\"BreadcrumbList\",\"@id\":\"https:\/\/www.arbataxpark.com\/fr\/jeunes\/#breadcrumb\",\"itemListElement\":[{\"@type\":\"ListItem\",\"position\":1,\"name\":\"Home\",\"item\":\"https:\/\/www.arbataxpark.com\/fr\/\"},{\"@type\":\"ListItem\",\"position\":2,\"name\":\"Jeunes\"}]},{\"@type\":\"WebSite\",\"@id\":\"https:\/\/www.arbataxpark.com\/fr\/#website\",\"url\":\"https:\/\/www.arbataxpark.com\/fr\/\",\"name\":\"Arbatax Park\",\"description\":\"Just another ms.decms.eu site\",\"potentialAction\":[{\"@type\":\"SearchAction\",\"target\":{\"@type\":\"EntryPoint\",\"urlTemplate\":\"https:\/\/www.arbataxpark.com\/fr\/?s={search_term_string}\"},\"query-input\":{\"@type\":\"PropertyValueSpecification\",\"valueRequired\":true,\"valueName\":\"search_term_string\"}}],\"inLanguage\":\"fr-FR\"}]}<\/script>\n<!-- \/ Yoast SEO plugin. -->","yoast_head_json":{"title":"Jeunes - Arbatax Park","robots":{"index":"index","follow":"follow","max-snippet":"max-snippet:-1","max-image-preview":"max-image-preview:large","max-video-preview":"max-video-preview:-1"},"canonical":"https:\/\/www.arbataxpark.com\/fr\/jeunes\/","og_locale":"fr_FR","og_type":"article","og_title":"Jeunes - Arbatax Park","og_description":"Les loisirs et le plaisir r\u00e8gnent en ma\u00eetre \u00e0 l\u2019Arbatax Park Resort. Au c\u0153ur du maquis m\u00e9diterran\u00e9en, vous pourrez appr\u00e9cier le plaisir de la d\u00e9tente sur les plages ou dans les piscines du village, participer aux activit\u00e9s sportives et prendre part aux spectacles d\u2019animation. Un programme complet d\u2019animations en journ\u00e9e et en soir\u00e9e vous sera [&hellip;]","og_url":"https:\/\/www.arbataxpark.com\/fr\/jeunes\/","og_site_name":"Arbatax Park","article_modified_time":"2019-04-08T07:24:49+00:00","twitter_card":"summary_large_image","twitter_misc":{"Dur\u00e9e de lecture estim\u00e9e":"1 minute"},"schema":{"@context":"https:\/\/schema.org","@graph":[{"@type":"WebPage","@id":"https:\/\/www.arbataxpark.com\/fr\/jeunes\/","url":"https:\/\/www.arbataxpark.com\/fr\/jeunes\/","name":"Jeunes - Arbatax Park","isPartOf":{"@id":"https:\/\/www.arbataxpark.com\/fr\/#website"},"datePublished":"2019-03-20T10:05:03+00:00","dateModified":"2019-04-08T07:24:49+00:00","breadcrumb":{"@id":"https:\/\/www.arbataxpark.com\/fr\/jeunes\/#breadcrumb"},"inLanguage":"fr-FR","potentialAction":[{"@type":"ReadAction","target":["https:\/\/www.arbataxpark.com\/fr\/jeunes\/"]}]},{"@type":"BreadcrumbList","@id":"https:\/\/www.arbataxpark.com\/fr\/jeunes\/#breadcrumb","itemListElement":[{"@type":"ListItem","position":1,"name":"Home","item":"https:\/\/www.arbataxpark.com\/fr\/"},{"@type":"ListItem","position":2,"name":"Jeunes"}]},{"@type":"WebSite","@id":"https:\/\/www.arbataxpark.com\/fr\/#website","url":"https:\/\/www.arbataxpark.com\/fr\/","name":"Arbatax Park","description":"Just another ms.decms.eu site","potentialAction":[{"@type":"SearchAction","target":{"@type":"EntryPoint","urlTemplate":"https:\/\/www.arbataxpark.com\/fr\/?s={search_term_string}"},"query-input":{"@type":"PropertyValueSpecification","valueRequired":true,"valueName":"search_term_string"}}],"inLanguage":"fr-FR"}]}},"acf":[],"_links":{"self":[{"href":"https:\/\/www.arbataxpark.com\/fr\/wp-json\/wp\/v2\/pages\/5324","targetHints":{"allow":["GET"]}}],"collection":[{"href":"https:\/\/www.arbataxpark.com\/fr\/wp-json\/wp\/v2\/pages"}],"about":[{"href":"https:\/\/www.arbataxpark.com\/fr\/wp-json\/wp\/v2\/types\/page"}],"author":[{"embeddable":true,"href":"https:\/\/www.arbataxpark.com\/fr\/wp-json\/wp\/v2\/users\/18"}],"replies":[{"embeddable":true,"href":"https:\/\/www.arbataxpark.com\/fr\/wp-json\/wp\/v2\/comments?post=5324"}],"version-history":[{"count":0,"href":"https:\/\/www.arbataxpark.com\/fr\/wp-json\/wp\/v2\/pages\/5324\/revisions"}],"wp:attachment":[{"href":"https:\/\/www.arbataxpark.com\/fr\/wp-json\/wp\/v2\/media?parent=5324"}],"curies":[{"name":"wp","href":"https:\/\/api.w.org\/{rel}","templated":true}]}}