{"id":5348,"date":"2019-03-20T10:05:15","date_gmt":"2019-03-20T10:05:15","guid":{"rendered":"http:\/\/arbatax-park-group.ms.decms.eu\/family-holidays\/"},"modified":"2019-06-28T16:02:59","modified_gmt":"2019-06-28T16:02:59","slug":"vacances-en-famille","status":"publish","type":"page","link":"https:\/\/www.arbataxpark.com\/fr\/vacances-en-famille\/","title":{"rendered":"Vacances en famille"},"content":{"rendered":"<p>Vous recherchez des vacances o\u00f9 vous pourrez vraiment vous d\u00e9tendre avec l\u2019assurance que votre famille en profite entre de bonnes mains?<br \/>\nArbatax Park, <strong>le Resort qui r\u00e9pondra \u00e0 tous les besoins de votre famille !<\/strong><\/p>\n<p>La destination id\u00e9ale pour trouver un personnel qualifi\u00e9, qui prend soin de vos enfants, vous laissant libre de vous d\u00e9tendre, d\u2019aller \u00e0 la plage ou de profiter d\u2019un moment de d\u00e9tente dans notre magnifique centre de bien-\u00eatre Bellavista, Thalasso &amp; SPA.<br \/>\nSuivez nos conseils pour des vacances sur mesure. Choisissez parmi notre s\u00e9lection d\u2019h\u00f4tels et r\u00e9servez d\u00e8s maintenant votre s\u00e9jour !<\/p>\n","protected":false},"excerpt":{"rendered":"<p>Vous recherchez des vacances o\u00f9 vous pourrez vraiment vous d\u00e9tendre avec l\u2019assurance que votre famille en profite entre de bonnes mains? Arbatax Park, le Resort qui r\u00e9pondra \u00e0 tous les besoins de votre famille ! La destination id\u00e9ale pour trouver un personnel qualifi\u00e9, qui prend soin de vos enfants, vous laissant libre de vous d\u00e9tendre, [&hellip;]<\/p>\n","protected":false},"author":18,"featured_media":0,"parent":0,"menu_order":5500,"comment_status":"closed","ping_status":"closed","template":"template-emotional.php","meta":{"footnotes":""},"class_list":["post-5348","page","type-page","status-publish","hentry"],"yoast_head":"<!-- This site is optimized with the Yoast SEO plugin v26.9 - https:\/\/yoast.com\/product\/yoast-seo-wordpress\/ -->\n<title>Vacances en famille - Arbatax Park<\/title>\n<meta name=\"robots\" content=\"index, follow, max-snippet:-1, max-image-preview:large, max-video-preview:-1\" \/>\n<link rel=\"canonical\" href=\"https:\/\/www.arbataxpark.com\/fr\/vacances-en-famille\/\" \/>\n<meta property=\"og:locale\" content=\"fr_FR\" \/>\n<meta property=\"og:type\" content=\"article\" \/>\n<meta property=\"og:title\" content=\"Vacances en famille - Arbatax Park\" \/>\n<meta property=\"og:description\" content=\"Vous recherchez des vacances o\u00f9 vous pourrez vraiment vous d\u00e9tendre avec l\u2019assurance que votre famille en profite entre de bonnes mains? Arbatax Park, le Resort qui r\u00e9pondra \u00e0 tous les besoins de votre famille ! La destination id\u00e9ale pour trouver un personnel qualifi\u00e9, qui prend soin de vos enfants, vous laissant libre de vous d\u00e9tendre, [&hellip;]\" \/>\n<meta property=\"og:url\" content=\"https:\/\/www.arbataxpark.com\/fr\/vacances-en-famille\/\" \/>\n<meta property=\"og:site_name\" content=\"Arbatax Park\" \/>\n<meta property=\"article:modified_time\" content=\"2019-06-28T16:02:59+00:00\" \/>\n<meta name=\"twitter:card\" content=\"summary_large_image\" \/>\n<meta name=\"twitter:label1\" content=\"Dur\u00e9e de lecture estim\u00e9e\" \/>\n\t<meta name=\"twitter:data1\" content=\"1 minute\" \/>\n<script type=\"application\/ld+json\" class=\"yoast-schema-graph\">{\"@context\":\"https:\/\/schema.org\",\"@graph\":[{\"@type\":\"WebPage\",\"@id\":\"https:\/\/www.arbataxpark.com\/fr\/vacances-en-famille\/\",\"url\":\"https:\/\/www.arbataxpark.com\/fr\/vacances-en-famille\/\",\"name\":\"Vacances en famille - Arbatax Park\",\"isPartOf\":{\"@id\":\"https:\/\/www.arbataxpark.com\/fr\/#website\"},\"datePublished\":\"2019-03-20T10:05:15+00:00\",\"dateModified\":\"2019-06-28T16:02:59+00:00\",\"breadcrumb\":{\"@id\":\"https:\/\/www.arbataxpark.com\/fr\/vacances-en-famille\/#breadcrumb\"},\"inLanguage\":\"fr-FR\",\"potentialAction\":[{\"@type\":\"ReadAction\",\"target\":[\"https:\/\/www.arbataxpark.com\/fr\/vacances-en-famille\/\"]}]},{\"@type\":\"BreadcrumbList\",\"@id\":\"https:\/\/www.arbataxpark.com\/fr\/vacances-en-famille\/#breadcrumb\",\"itemListElement\":[{\"@type\":\"ListItem\",\"position\":1,\"name\":\"Home\",\"item\":\"https:\/\/www.arbataxpark.com\/fr\/\"},{\"@type\":\"ListItem\",\"position\":2,\"name\":\"Vacances en famille\"}]},{\"@type\":\"WebSite\",\"@id\":\"https:\/\/www.arbataxpark.com\/fr\/#website\",\"url\":\"https:\/\/www.arbataxpark.com\/fr\/\",\"name\":\"Arbatax Park\",\"description\":\"Just another ms.decms.eu site\",\"potentialAction\":[{\"@type\":\"SearchAction\",\"target\":{\"@type\":\"EntryPoint\",\"urlTemplate\":\"https:\/\/www.arbataxpark.com\/fr\/?s={search_term_string}\"},\"query-input\":{\"@type\":\"PropertyValueSpecification\",\"valueRequired\":true,\"valueName\":\"search_term_string\"}}],\"inLanguage\":\"fr-FR\"}]}<\/script>\n<!-- \/ Yoast SEO plugin. -->","yoast_head_json":{"title":"Vacances en famille - Arbatax Park","robots":{"index":"index","follow":"follow","max-snippet":"max-snippet:-1","max-image-preview":"max-image-preview:large","max-video-preview":"max-video-preview:-1"},"canonical":"https:\/\/www.arbataxpark.com\/fr\/vacances-en-famille\/","og_locale":"fr_FR","og_type":"article","og_title":"Vacances en famille - Arbatax Park","og_description":"Vous recherchez des vacances o\u00f9 vous pourrez vraiment vous d\u00e9tendre avec l\u2019assurance que votre famille en profite entre de bonnes mains? Arbatax Park, le Resort qui r\u00e9pondra \u00e0 tous les besoins de votre famille ! La destination id\u00e9ale pour trouver un personnel qualifi\u00e9, qui prend soin de vos enfants, vous laissant libre de vous d\u00e9tendre, [&hellip;]","og_url":"https:\/\/www.arbataxpark.com\/fr\/vacances-en-famille\/","og_site_name":"Arbatax Park","article_modified_time":"2019-06-28T16:02:59+00:00","twitter_card":"summary_large_image","twitter_misc":{"Dur\u00e9e de lecture estim\u00e9e":"1 minute"},"schema":{"@context":"https:\/\/schema.org","@graph":[{"@type":"WebPage","@id":"https:\/\/www.arbataxpark.com\/fr\/vacances-en-famille\/","url":"https:\/\/www.arbataxpark.com\/fr\/vacances-en-famille\/","name":"Vacances en famille - Arbatax Park","isPartOf":{"@id":"https:\/\/www.arbataxpark.com\/fr\/#website"},"datePublished":"2019-03-20T10:05:15+00:00","dateModified":"2019-06-28T16:02:59+00:00","breadcrumb":{"@id":"https:\/\/www.arbataxpark.com\/fr\/vacances-en-famille\/#breadcrumb"},"inLanguage":"fr-FR","potentialAction":[{"@type":"ReadAction","target":["https:\/\/www.arbataxpark.com\/fr\/vacances-en-famille\/"]}]},{"@type":"BreadcrumbList","@id":"https:\/\/www.arbataxpark.com\/fr\/vacances-en-famille\/#breadcrumb","itemListElement":[{"@type":"ListItem","position":1,"name":"Home","item":"https:\/\/www.arbataxpark.com\/fr\/"},{"@type":"ListItem","position":2,"name":"Vacances en famille"}]},{"@type":"WebSite","@id":"https:\/\/www.arbataxpark.com\/fr\/#website","url":"https:\/\/www.arbataxpark.com\/fr\/","name":"Arbatax Park","description":"Just another ms.decms.eu site","potentialAction":[{"@type":"SearchAction","target":{"@type":"EntryPoint","urlTemplate":"https:\/\/www.arbataxpark.com\/fr\/?s={search_term_string}"},"query-input":{"@type":"PropertyValueSpecification","valueRequired":true,"valueName":"search_term_string"}}],"inLanguage":"fr-FR"}]}},"acf":[],"_links":{"self":[{"href":"https:\/\/www.arbataxpark.com\/fr\/wp-json\/wp\/v2\/pages\/5348","targetHints":{"allow":["GET"]}}],"collection":[{"href":"https:\/\/www.arbataxpark.com\/fr\/wp-json\/wp\/v2\/pages"}],"about":[{"href":"https:\/\/www.arbataxpark.com\/fr\/wp-json\/wp\/v2\/types\/page"}],"author":[{"embeddable":true,"href":"https:\/\/www.arbataxpark.com\/fr\/wp-json\/wp\/v2\/users\/18"}],"replies":[{"embeddable":true,"href":"https:\/\/www.arbataxpark.com\/fr\/wp-json\/wp\/v2\/comments?post=5348"}],"version-history":[{"count":0,"href":"https:\/\/www.arbataxpark.com\/fr\/wp-json\/wp\/v2\/pages\/5348\/revisions"}],"wp:attachment":[{"href":"https:\/\/www.arbataxpark.com\/fr\/wp-json\/wp\/v2\/media?parent=5348"}],"curies":[{"name":"wp","href":"https:\/\/api.w.org\/{rel}","templated":true}]}}