{"id":5378,"date":"2019-04-08T09:03:37","date_gmt":"2019-04-08T09:03:37","guid":{"rendered":"http:\/\/arbatax-park-group.ms.decms.eu\/?page_id=5378"},"modified":"2021-08-01T09:42:46","modified_gmt":"2021-08-01T09:42:46","slug":"restauration","status":"publish","type":"page","link":"https:\/\/www.arbataxpark.com\/fr\/restauration\/","title":{"rendered":"Restauration"},"content":{"rendered":"<p>L\u2019<strong>Arbatax Park<\/strong>\u00a0propose diff\u00e9rentes formules :\u00a0<strong>Bed and Breakfast, demi-pension et pension compl\u00e8te<\/strong>. Le Resort dispose de 7 restaurants proposant une cuisine internationale, m\u00e9diterran\u00e9enne et traditionnelle sarde et de 2 pizzerias.<\/p>\n<p>Chaque h\u00f4tel poss\u00e8de son propre restaurant d\u00e9di\u00e9. Les clients souhaitant profiter des restaurants et des pizzerias des autres h\u00f4tels ou de restaurants typiques (Su Coile et La Vela) devront faire une r\u00e9servation \u00e0 la r\u00e9ception de leur h\u00f4tel historique et s\u2019acquitter du co\u00fbt correspondant.<\/p>\n<p style=\"text-align: center\"><a class=\"custom_btn view_map\" target=\"\"href=\"javascript:;\"><span class=\"tlid-translation translation\" lang=\"fr\"><span class=\"\" title=\"\">Voir sur la carte<\/span><\/span><\/a><\/p>\n","protected":false},"excerpt":{"rendered":"<p>L\u2019Arbatax Park\u00a0propose diff\u00e9rentes formules :\u00a0Bed and Breakfast, demi-pension et pension compl\u00e8te. Le Resort dispose de 7 restaurants proposant une cuisine internationale, m\u00e9diterran\u00e9enne et traditionnelle sarde et de 2 pizzerias. Chaque h\u00f4tel poss\u00e8de son propre restaurant d\u00e9di\u00e9. Les clients souhaitant profiter des restaurants et des pizzerias des autres h\u00f4tels ou de restaurants typiques (Su Coile et [&hellip;]<\/p>\n","protected":false},"author":21,"featured_media":0,"parent":0,"menu_order":1300,"comment_status":"closed","ping_status":"closed","template":"template-restaurants.php","meta":{"footnotes":""},"class_list":["post-5378","page","type-page","status-publish","hentry"],"yoast_head":"<!-- This site is optimized with the Yoast SEO plugin v26.9 - https:\/\/yoast.com\/product\/yoast-seo-wordpress\/ -->\n<title>Restauration - Arbatax Park<\/title>\n<meta name=\"robots\" content=\"index, follow, max-snippet:-1, max-image-preview:large, max-video-preview:-1\" \/>\n<link rel=\"canonical\" href=\"https:\/\/www.arbataxpark.com\/fr\/restauration\/\" \/>\n<meta property=\"og:locale\" content=\"fr_FR\" \/>\n<meta property=\"og:type\" content=\"article\" \/>\n<meta property=\"og:title\" content=\"Restauration - Arbatax Park\" \/>\n<meta property=\"og:description\" content=\"L\u2019Arbatax Park\u00a0propose diff\u00e9rentes formules :\u00a0Bed and Breakfast, demi-pension et pension compl\u00e8te. Le Resort dispose de 7 restaurants proposant une cuisine internationale, m\u00e9diterran\u00e9enne et traditionnelle sarde et de 2 pizzerias. Chaque h\u00f4tel poss\u00e8de son propre restaurant d\u00e9di\u00e9. Les clients souhaitant profiter des restaurants et des pizzerias des autres h\u00f4tels ou de restaurants typiques (Su Coile et [&hellip;]\" \/>\n<meta property=\"og:url\" content=\"https:\/\/www.arbataxpark.com\/fr\/restauration\/\" \/>\n<meta property=\"og:site_name\" content=\"Arbatax Park\" \/>\n<meta property=\"article:modified_time\" content=\"2021-08-01T09:42:46+00:00\" \/>\n<meta name=\"twitter:card\" content=\"summary_large_image\" \/>\n<meta name=\"twitter:label1\" content=\"Dur\u00e9e de lecture estim\u00e9e\" \/>\n\t<meta name=\"twitter:data1\" content=\"1 minute\" \/>\n<script type=\"application\/ld+json\" class=\"yoast-schema-graph\">{\"@context\":\"https:\/\/schema.org\",\"@graph\":[{\"@type\":\"WebPage\",\"@id\":\"https:\/\/www.arbataxpark.com\/fr\/restauration\/\",\"url\":\"https:\/\/www.arbataxpark.com\/fr\/restauration\/\",\"name\":\"Restauration - Arbatax Park\",\"isPartOf\":{\"@id\":\"https:\/\/www.arbataxpark.com\/fr\/#website\"},\"datePublished\":\"2019-04-08T09:03:37+00:00\",\"dateModified\":\"2021-08-01T09:42:46+00:00\",\"breadcrumb\":{\"@id\":\"https:\/\/www.arbataxpark.com\/fr\/restauration\/#breadcrumb\"},\"inLanguage\":\"fr-FR\",\"potentialAction\":[{\"@type\":\"ReadAction\",\"target\":[\"https:\/\/www.arbataxpark.com\/fr\/restauration\/\"]}]},{\"@type\":\"BreadcrumbList\",\"@id\":\"https:\/\/www.arbataxpark.com\/fr\/restauration\/#breadcrumb\",\"itemListElement\":[{\"@type\":\"ListItem\",\"position\":1,\"name\":\"Home\",\"item\":\"https:\/\/www.arbataxpark.com\/fr\/\"},{\"@type\":\"ListItem\",\"position\":2,\"name\":\"Restauration\"}]},{\"@type\":\"WebSite\",\"@id\":\"https:\/\/www.arbataxpark.com\/fr\/#website\",\"url\":\"https:\/\/www.arbataxpark.com\/fr\/\",\"name\":\"Arbatax Park\",\"description\":\"Just another ms.decms.eu site\",\"potentialAction\":[{\"@type\":\"SearchAction\",\"target\":{\"@type\":\"EntryPoint\",\"urlTemplate\":\"https:\/\/www.arbataxpark.com\/fr\/?s={search_term_string}\"},\"query-input\":{\"@type\":\"PropertyValueSpecification\",\"valueRequired\":true,\"valueName\":\"search_term_string\"}}],\"inLanguage\":\"fr-FR\"}]}<\/script>\n<!-- \/ Yoast SEO plugin. -->","yoast_head_json":{"title":"Restauration - Arbatax Park","robots":{"index":"index","follow":"follow","max-snippet":"max-snippet:-1","max-image-preview":"max-image-preview:large","max-video-preview":"max-video-preview:-1"},"canonical":"https:\/\/www.arbataxpark.com\/fr\/restauration\/","og_locale":"fr_FR","og_type":"article","og_title":"Restauration - Arbatax Park","og_description":"L\u2019Arbatax Park\u00a0propose diff\u00e9rentes formules :\u00a0Bed and Breakfast, demi-pension et pension compl\u00e8te. Le Resort dispose de 7 restaurants proposant une cuisine internationale, m\u00e9diterran\u00e9enne et traditionnelle sarde et de 2 pizzerias. Chaque h\u00f4tel poss\u00e8de son propre restaurant d\u00e9di\u00e9. Les clients souhaitant profiter des restaurants et des pizzerias des autres h\u00f4tels ou de restaurants typiques (Su Coile et [&hellip;]","og_url":"https:\/\/www.arbataxpark.com\/fr\/restauration\/","og_site_name":"Arbatax Park","article_modified_time":"2021-08-01T09:42:46+00:00","twitter_card":"summary_large_image","twitter_misc":{"Dur\u00e9e de lecture estim\u00e9e":"1 minute"},"schema":{"@context":"https:\/\/schema.org","@graph":[{"@type":"WebPage","@id":"https:\/\/www.arbataxpark.com\/fr\/restauration\/","url":"https:\/\/www.arbataxpark.com\/fr\/restauration\/","name":"Restauration - Arbatax Park","isPartOf":{"@id":"https:\/\/www.arbataxpark.com\/fr\/#website"},"datePublished":"2019-04-08T09:03:37+00:00","dateModified":"2021-08-01T09:42:46+00:00","breadcrumb":{"@id":"https:\/\/www.arbataxpark.com\/fr\/restauration\/#breadcrumb"},"inLanguage":"fr-FR","potentialAction":[{"@type":"ReadAction","target":["https:\/\/www.arbataxpark.com\/fr\/restauration\/"]}]},{"@type":"BreadcrumbList","@id":"https:\/\/www.arbataxpark.com\/fr\/restauration\/#breadcrumb","itemListElement":[{"@type":"ListItem","position":1,"name":"Home","item":"https:\/\/www.arbataxpark.com\/fr\/"},{"@type":"ListItem","position":2,"name":"Restauration"}]},{"@type":"WebSite","@id":"https:\/\/www.arbataxpark.com\/fr\/#website","url":"https:\/\/www.arbataxpark.com\/fr\/","name":"Arbatax Park","description":"Just another ms.decms.eu site","potentialAction":[{"@type":"SearchAction","target":{"@type":"EntryPoint","urlTemplate":"https:\/\/www.arbataxpark.com\/fr\/?s={search_term_string}"},"query-input":{"@type":"PropertyValueSpecification","valueRequired":true,"valueName":"search_term_string"}}],"inLanguage":"fr-FR"}]}},"acf":[],"_links":{"self":[{"href":"https:\/\/www.arbataxpark.com\/fr\/wp-json\/wp\/v2\/pages\/5378","targetHints":{"allow":["GET"]}}],"collection":[{"href":"https:\/\/www.arbataxpark.com\/fr\/wp-json\/wp\/v2\/pages"}],"about":[{"href":"https:\/\/www.arbataxpark.com\/fr\/wp-json\/wp\/v2\/types\/page"}],"author":[{"embeddable":true,"href":"https:\/\/www.arbataxpark.com\/fr\/wp-json\/wp\/v2\/users\/21"}],"replies":[{"embeddable":true,"href":"https:\/\/www.arbataxpark.com\/fr\/wp-json\/wp\/v2\/comments?post=5378"}],"version-history":[{"count":0,"href":"https:\/\/www.arbataxpark.com\/fr\/wp-json\/wp\/v2\/pages\/5378\/revisions"}],"wp:attachment":[{"href":"https:\/\/www.arbataxpark.com\/fr\/wp-json\/wp\/v2\/media?parent=5378"}],"curies":[{"name":"wp","href":"https:\/\/api.w.org\/{rel}","templated":true}]}}