{"id":5807,"date":"2019-04-09T11:42:51","date_gmt":"2019-04-09T11:42:51","guid":{"rendered":"http:\/\/arbatax-park-group.ms.decms.eu\/?page_id=5807"},"modified":"2019-04-09T11:42:51","modified_gmt":"2019-04-09T11:42:51","slug":"congres","status":"publish","type":"page","link":"https:\/\/www.arbataxpark.com\/fr\/congres\/","title":{"rendered":"Congr\u00e8s"},"content":{"rendered":"<p>Situ\u00e9 dans la partie centrale du Telis, le Centre de Congr\u00e8s est dot\u00e9 d\u2019une salle polyvalente pouvant accueillir jusqu\u2019\u00e0\u00a0<strong>800 personnes<\/strong>, dot\u00e9e d\u2019\u00e9quipements audio et vid\u00e9o tr\u00e8s modernes. Gr\u00e2ce \u00e0 des cloisons mobiles, il est possible de diviser la grande salle de conf\u00e9rence en plusieurs salles de capacit\u00e9 inf\u00e9rieure.<\/p>\n","protected":false},"excerpt":{"rendered":"<p>Situ\u00e9 dans la partie centrale du Telis, le Centre de Congr\u00e8s est dot\u00e9 d\u2019une salle polyvalente pouvant accueillir jusqu\u2019\u00e0\u00a0800 personnes, dot\u00e9e d\u2019\u00e9quipements audio et vid\u00e9o tr\u00e8s modernes. Gr\u00e2ce \u00e0 des cloisons mobiles, il est possible de diviser la grande salle de conf\u00e9rence en plusieurs salles de capacit\u00e9 inf\u00e9rieure.<\/p>\n","protected":false},"author":21,"featured_media":0,"parent":0,"menu_order":1500,"comment_status":"closed","ping_status":"closed","template":"","meta":{"footnotes":""},"class_list":["post-5807","page","type-page","status-publish","hentry"],"yoast_head":"<!-- This site is optimized with the Yoast SEO plugin v26.9 - https:\/\/yoast.com\/product\/yoast-seo-wordpress\/ -->\n<title>Congr\u00e8s - Arbatax Park<\/title>\n<meta name=\"robots\" content=\"index, follow, max-snippet:-1, max-image-preview:large, max-video-preview:-1\" \/>\n<link rel=\"canonical\" href=\"https:\/\/www.arbataxpark.com\/fr\/congres\/\" \/>\n<meta property=\"og:locale\" content=\"fr_FR\" \/>\n<meta property=\"og:type\" content=\"article\" \/>\n<meta property=\"og:title\" content=\"Congr\u00e8s - Arbatax Park\" \/>\n<meta property=\"og:description\" content=\"Situ\u00e9 dans la partie centrale du Telis, le Centre de Congr\u00e8s est dot\u00e9 d\u2019une salle polyvalente pouvant accueillir jusqu\u2019\u00e0\u00a0800 personnes, dot\u00e9e d\u2019\u00e9quipements audio et vid\u00e9o tr\u00e8s modernes. Gr\u00e2ce \u00e0 des cloisons mobiles, il est possible de diviser la grande salle de conf\u00e9rence en plusieurs salles de capacit\u00e9 inf\u00e9rieure.\" \/>\n<meta property=\"og:url\" content=\"https:\/\/www.arbataxpark.com\/fr\/congres\/\" \/>\n<meta property=\"og:site_name\" content=\"Arbatax Park\" \/>\n<meta name=\"twitter:card\" content=\"summary_large_image\" \/>\n<script type=\"application\/ld+json\" class=\"yoast-schema-graph\">{\"@context\":\"https:\/\/schema.org\",\"@graph\":[{\"@type\":\"WebPage\",\"@id\":\"https:\/\/www.arbataxpark.com\/fr\/congres\/\",\"url\":\"https:\/\/www.arbataxpark.com\/fr\/congres\/\",\"name\":\"Congr\u00e8s - Arbatax Park\",\"isPartOf\":{\"@id\":\"https:\/\/www.arbataxpark.com\/fr\/#website\"},\"datePublished\":\"2019-04-09T11:42:51+00:00\",\"breadcrumb\":{\"@id\":\"https:\/\/www.arbataxpark.com\/fr\/congres\/#breadcrumb\"},\"inLanguage\":\"fr-FR\",\"potentialAction\":[{\"@type\":\"ReadAction\",\"target\":[\"https:\/\/www.arbataxpark.com\/fr\/congres\/\"]}]},{\"@type\":\"BreadcrumbList\",\"@id\":\"https:\/\/www.arbataxpark.com\/fr\/congres\/#breadcrumb\",\"itemListElement\":[{\"@type\":\"ListItem\",\"position\":1,\"name\":\"Home\",\"item\":\"https:\/\/www.arbataxpark.com\/fr\/\"},{\"@type\":\"ListItem\",\"position\":2,\"name\":\"Congr\u00e8s\"}]},{\"@type\":\"WebSite\",\"@id\":\"https:\/\/www.arbataxpark.com\/fr\/#website\",\"url\":\"https:\/\/www.arbataxpark.com\/fr\/\",\"name\":\"Arbatax Park\",\"description\":\"Just another ms.decms.eu site\",\"potentialAction\":[{\"@type\":\"SearchAction\",\"target\":{\"@type\":\"EntryPoint\",\"urlTemplate\":\"https:\/\/www.arbataxpark.com\/fr\/?s={search_term_string}\"},\"query-input\":{\"@type\":\"PropertyValueSpecification\",\"valueRequired\":true,\"valueName\":\"search_term_string\"}}],\"inLanguage\":\"fr-FR\"}]}<\/script>\n<!-- \/ Yoast SEO plugin. -->","yoast_head_json":{"title":"Congr\u00e8s - Arbatax Park","robots":{"index":"index","follow":"follow","max-snippet":"max-snippet:-1","max-image-preview":"max-image-preview:large","max-video-preview":"max-video-preview:-1"},"canonical":"https:\/\/www.arbataxpark.com\/fr\/congres\/","og_locale":"fr_FR","og_type":"article","og_title":"Congr\u00e8s - Arbatax Park","og_description":"Situ\u00e9 dans la partie centrale du Telis, le Centre de Congr\u00e8s est dot\u00e9 d\u2019une salle polyvalente pouvant accueillir jusqu\u2019\u00e0\u00a0800 personnes, dot\u00e9e d\u2019\u00e9quipements audio et vid\u00e9o tr\u00e8s modernes. Gr\u00e2ce \u00e0 des cloisons mobiles, il est possible de diviser la grande salle de conf\u00e9rence en plusieurs salles de capacit\u00e9 inf\u00e9rieure.","og_url":"https:\/\/www.arbataxpark.com\/fr\/congres\/","og_site_name":"Arbatax Park","twitter_card":"summary_large_image","schema":{"@context":"https:\/\/schema.org","@graph":[{"@type":"WebPage","@id":"https:\/\/www.arbataxpark.com\/fr\/congres\/","url":"https:\/\/www.arbataxpark.com\/fr\/congres\/","name":"Congr\u00e8s - Arbatax Park","isPartOf":{"@id":"https:\/\/www.arbataxpark.com\/fr\/#website"},"datePublished":"2019-04-09T11:42:51+00:00","breadcrumb":{"@id":"https:\/\/www.arbataxpark.com\/fr\/congres\/#breadcrumb"},"inLanguage":"fr-FR","potentialAction":[{"@type":"ReadAction","target":["https:\/\/www.arbataxpark.com\/fr\/congres\/"]}]},{"@type":"BreadcrumbList","@id":"https:\/\/www.arbataxpark.com\/fr\/congres\/#breadcrumb","itemListElement":[{"@type":"ListItem","position":1,"name":"Home","item":"https:\/\/www.arbataxpark.com\/fr\/"},{"@type":"ListItem","position":2,"name":"Congr\u00e8s"}]},{"@type":"WebSite","@id":"https:\/\/www.arbataxpark.com\/fr\/#website","url":"https:\/\/www.arbataxpark.com\/fr\/","name":"Arbatax Park","description":"Just another ms.decms.eu site","potentialAction":[{"@type":"SearchAction","target":{"@type":"EntryPoint","urlTemplate":"https:\/\/www.arbataxpark.com\/fr\/?s={search_term_string}"},"query-input":{"@type":"PropertyValueSpecification","valueRequired":true,"valueName":"search_term_string"}}],"inLanguage":"fr-FR"}]}},"acf":[],"_links":{"self":[{"href":"https:\/\/www.arbataxpark.com\/fr\/wp-json\/wp\/v2\/pages\/5807","targetHints":{"allow":["GET"]}}],"collection":[{"href":"https:\/\/www.arbataxpark.com\/fr\/wp-json\/wp\/v2\/pages"}],"about":[{"href":"https:\/\/www.arbataxpark.com\/fr\/wp-json\/wp\/v2\/types\/page"}],"author":[{"embeddable":true,"href":"https:\/\/www.arbataxpark.com\/fr\/wp-json\/wp\/v2\/users\/21"}],"replies":[{"embeddable":true,"href":"https:\/\/www.arbataxpark.com\/fr\/wp-json\/wp\/v2\/comments?post=5807"}],"version-history":[{"count":0,"href":"https:\/\/www.arbataxpark.com\/fr\/wp-json\/wp\/v2\/pages\/5807\/revisions"}],"wp:attachment":[{"href":"https:\/\/www.arbataxpark.com\/fr\/wp-json\/wp\/v2\/media?parent=5807"}],"curies":[{"name":"wp","href":"https:\/\/api.w.org\/{rel}","templated":true}]}}