{"id":6048,"date":"2019-04-09T15:36:19","date_gmt":"2019-04-09T15:36:19","guid":{"rendered":"http:\/\/arbatax-park-group.ms.decms.eu\/?page_id=6048"},"modified":"2025-08-01T09:23:33","modified_gmt":"2025-08-01T09:23:33","slug":"horaires-de-navette","status":"publish","type":"page","link":"https:\/\/www.arbataxpark.com\/fr\/horaires-de-navette\/","title":{"rendered":"Service de navette"},"content":{"rendered":"<h3 class=\"\" data-start=\"45\" data-end=\"79\"><strong data-start=\"49\" data-end=\"79\">Transfert Collectif Payant<\/strong><\/h3>\n<p class=\"\" data-start=\"81\" data-end=\"215\">Le transfert collectif est payant pour les s\u00e9jours de moins de 7 nuits et pour les offres qui n\u2019incluent pas explicitement ce service.<\/p>\n<p class=\"\" data-start=\"217\" data-end=\"396\">Nous prions les clients de bien vouloir envoyer les d\u00e9tails \u00e0 notre bureau de transfert par e-mail \u00e0 l\u2019adresse <a class=\"cursor-pointer\" rel=\"noopener\" data-start=\"328\" data-end=\"352\">transfer@arbataxpark.com<\/a> au moins 7 jours ouvrables avant l\u2019arriv\u00e9e.<\/p>\n<p class=\"\" data-start=\"398\" data-end=\"445\">Le solde peut \u00eatre r\u00e9gl\u00e9 directement sur place.<\/p>\n<p class=\"\" data-start=\"447\" data-end=\"487\"><strong data-start=\"447\" data-end=\"487\">Le co\u00fbt du transfert collectif est :<\/strong><\/p>\n<ul data-start=\"489\" data-end=\"593\">\n<li class=\"\" data-start=\"489\" data-end=\"543\">\n<p class=\"\" data-start=\"491\" data-end=\"543\"><strong data-start=\"491\" data-end=\"503\">CAGLIARI<\/strong> : 60,00 \u20ac par personne et par trajet.<\/p>\n<\/li>\n<li class=\"\" data-start=\"544\" data-end=\"593\">\n<p class=\"\" data-start=\"546\" data-end=\"593\"><strong data-start=\"546\" data-end=\"555\">OLBIA<\/strong> : 70,00 \u20ac par personne et par trajet.<\/p>\n<\/li>\n<\/ul>\n<p>Suppl\u00e9ment si\u00e8ge enfant: 10,00 \u20ac pour le service collectif.<\/p>\n<p>&nbsp;<\/p>\n<p><strong>HORAIRES DU TRANSFERT COLLECTIF*<\/strong><\/p>\n<p>A\u00e9roport de Cagliari (Elmas) (dur\u00e9e du trajet 1h50 environs)<\/p>\n<table border=\"0\" cellspacing=\"0\" cellpadding=\"0\">\n<tbody>\n<tr>\n<td style=\"text-align: center\" valign=\"top\" width=\"225\"><strong>Course<\/strong><\/td>\n<td style=\"text-align: center\" valign=\"top\" width=\"225\"><strong>CAG &#8211;\u00a0<strong>Arbatax Park<\/strong><\/strong><\/td>\n<td style=\"text-align: center\" valign=\"top\" width=\"225\"><strong>Arbatax Park &#8211; CAG<\/strong><\/td>\n<\/tr>\n<tr>\n<td style=\"text-align: center\" valign=\"top\" width=\"225\">1<\/td>\n<td style=\"text-align: center\" valign=\"top\" width=\"225\">09:30<\/td>\n<td style=\"text-align: center\" valign=\"top\" width=\"225\">05:00<\/td>\n<\/tr>\n<tr>\n<td style=\"text-align: center\" valign=\"top\" width=\"225\">2<\/td>\n<td style=\"text-align: center\" valign=\"top\" width=\"225\">13:00<\/td>\n<td style=\"text-align: center\" valign=\"top\" width=\"225\">08:30<\/td>\n<\/tr>\n<tr>\n<td style=\"text-align: center\" valign=\"top\" width=\"225\">3<\/td>\n<td style=\"text-align: center\" valign=\"top\" width=\"225\">16:30<\/td>\n<td style=\"text-align: center\" valign=\"top\" width=\"225\">12:00<\/td>\n<\/tr>\n<tr>\n<td style=\"text-align: center\" valign=\"top\" width=\"225\">4<\/td>\n<td style=\"text-align: center\" valign=\"top\" width=\"225\">20:00<\/td>\n<td style=\"text-align: center\" valign=\"top\" width=\"225\">15:30<\/td>\n<\/tr>\n<\/tbody>\n<\/table>\n<p>A\u00e9roport de Olbia (Costa Smeralda) (dur\u00e9e du trajet 2h20 environs)<\/p>\n<table border=\"0\" cellspacing=\"0\" cellpadding=\"0\">\n<tbody>\n<tr>\n<td style=\"text-align: center\" valign=\"top\" width=\"225\"><strong>Course<\/strong><\/td>\n<td style=\"text-align: center\" valign=\"top\" width=\"225\"><strong>OLB &#8211; Arbatax Park<\/strong><\/td>\n<td style=\"text-align: center\" valign=\"top\" width=\"225\"><strong>Arbatax Park &#8211; OLB<\/strong><\/td>\n<\/tr>\n<tr>\n<td style=\"text-align: center\" valign=\"top\" width=\"225\">1<\/td>\n<td style=\"text-align: center\" valign=\"top\" width=\"225\">10:00<\/td>\n<td style=\"text-align: center\" valign=\"top\" width=\"225\">05:00<\/td>\n<\/tr>\n<tr>\n<td style=\"text-align: center\" valign=\"top\" width=\"225\">2<\/td>\n<td style=\"text-align: center\" valign=\"top\" width=\"225\">14:00<\/td>\n<td style=\"text-align: center\" valign=\"top\" width=\"225\">09:00<\/td>\n<\/tr>\n<tr>\n<td style=\"text-align: center\" valign=\"top\" width=\"225\">3<\/td>\n<td style=\"text-align: center\" valign=\"top\" width=\"225\">18:00<\/td>\n<td style=\"text-align: center\" valign=\"top\" width=\"225\">13:00<\/td>\n<\/tr>\n<tr>\n<td style=\"text-align: center\" valign=\"top\" width=\"225\">4<\/td>\n<td style=\"text-align: center\" valign=\"top\" width=\"225\">21:00<\/td>\n<td style=\"text-align: center\" valign=\"top\" width=\"225\">16:00<\/td>\n<\/tr>\n<\/tbody>\n<\/table>\n<p style=\"font-size: 0.85em;color: #555555;text-align: left\"><em>*<\/em><em>La fr\u00e9quence des trajets peut \u00eatre modifi\u00e9e en fonction des besoins op\u00e9rationnels. Nous vous conseillons donc de v\u00e9rifier les horaires aupr\u00e8s de notre bureau des r\u00e9servations au moins 72 heures avant le d\u00e9part.<\/em><\/p>\n<p class=\"\" data-start=\"125\" data-end=\"189\">\n","protected":false},"excerpt":{"rendered":"<p>Transfert Collectif Payant Le transfert collectif est payant pour les s\u00e9jours de moins de 7 nuits et pour les offres qui n\u2019incluent pas explicitement ce service. Nous prions les clients de bien vouloir envoyer les d\u00e9tails \u00e0 notre bureau de transfert par e-mail \u00e0 l\u2019adresse transfer@arbataxpark.com au moins 7 jours ouvrables avant l\u2019arriv\u00e9e. Le solde [&hellip;]<\/p>\n","protected":false},"author":21,"featured_media":0,"parent":0,"menu_order":2200,"comment_status":"closed","ping_status":"closed","template":"","meta":{"footnotes":""},"class_list":["post-6048","page","type-page","status-publish","hentry"],"yoast_head":"<!-- This site is optimized with the Yoast SEO plugin v26.9 - https:\/\/yoast.com\/product\/yoast-seo-wordpress\/ -->\n<title>Service de navette - Arbatax Park<\/title>\n<meta name=\"robots\" content=\"index, follow, max-snippet:-1, max-image-preview:large, max-video-preview:-1\" \/>\n<link rel=\"canonical\" href=\"https:\/\/www.arbataxpark.com\/fr\/horaires-de-navette\/\" \/>\n<meta property=\"og:locale\" content=\"fr_FR\" \/>\n<meta property=\"og:type\" content=\"article\" \/>\n<meta property=\"og:title\" content=\"Service de navette - Arbatax Park\" \/>\n<meta property=\"og:description\" content=\"Transfert Collectif Payant Le transfert collectif est payant pour les s\u00e9jours de moins de 7 nuits et pour les offres qui n\u2019incluent pas explicitement ce service. Nous prions les clients de bien vouloir envoyer les d\u00e9tails \u00e0 notre bureau de transfert par e-mail \u00e0 l\u2019adresse transfer@arbataxpark.com au moins 7 jours ouvrables avant l\u2019arriv\u00e9e. Le solde [&hellip;]\" \/>\n<meta property=\"og:url\" content=\"https:\/\/www.arbataxpark.com\/fr\/horaires-de-navette\/\" \/>\n<meta property=\"og:site_name\" content=\"Arbatax Park\" \/>\n<meta property=\"article:modified_time\" content=\"2025-08-01T09:23:33+00:00\" \/>\n<meta name=\"twitter:card\" content=\"summary_large_image\" \/>\n<meta name=\"twitter:label1\" content=\"Dur\u00e9e de lecture estim\u00e9e\" \/>\n\t<meta name=\"twitter:data1\" content=\"1 minute\" \/>\n<script type=\"application\/ld+json\" class=\"yoast-schema-graph\">{\"@context\":\"https:\/\/schema.org\",\"@graph\":[{\"@type\":\"WebPage\",\"@id\":\"https:\/\/www.arbataxpark.com\/fr\/horaires-de-navette\/\",\"url\":\"https:\/\/www.arbataxpark.com\/fr\/horaires-de-navette\/\",\"name\":\"Service de navette - Arbatax Park\",\"isPartOf\":{\"@id\":\"https:\/\/www.arbataxpark.com\/fr\/#website\"},\"datePublished\":\"2019-04-09T15:36:19+00:00\",\"dateModified\":\"2025-08-01T09:23:33+00:00\",\"breadcrumb\":{\"@id\":\"https:\/\/www.arbataxpark.com\/fr\/horaires-de-navette\/#breadcrumb\"},\"inLanguage\":\"fr-FR\",\"potentialAction\":[{\"@type\":\"ReadAction\",\"target\":[\"https:\/\/www.arbataxpark.com\/fr\/horaires-de-navette\/\"]}]},{\"@type\":\"BreadcrumbList\",\"@id\":\"https:\/\/www.arbataxpark.com\/fr\/horaires-de-navette\/#breadcrumb\",\"itemListElement\":[{\"@type\":\"ListItem\",\"position\":1,\"name\":\"Home\",\"item\":\"https:\/\/www.arbataxpark.com\/fr\/\"},{\"@type\":\"ListItem\",\"position\":2,\"name\":\"Service de navette\"}]},{\"@type\":\"WebSite\",\"@id\":\"https:\/\/www.arbataxpark.com\/fr\/#website\",\"url\":\"https:\/\/www.arbataxpark.com\/fr\/\",\"name\":\"Arbatax Park\",\"description\":\"Just another ms.decms.eu site\",\"potentialAction\":[{\"@type\":\"SearchAction\",\"target\":{\"@type\":\"EntryPoint\",\"urlTemplate\":\"https:\/\/www.arbataxpark.com\/fr\/?s={search_term_string}\"},\"query-input\":{\"@type\":\"PropertyValueSpecification\",\"valueRequired\":true,\"valueName\":\"search_term_string\"}}],\"inLanguage\":\"fr-FR\"}]}<\/script>\n<!-- \/ Yoast SEO plugin. -->","yoast_head_json":{"title":"Service de navette - Arbatax Park","robots":{"index":"index","follow":"follow","max-snippet":"max-snippet:-1","max-image-preview":"max-image-preview:large","max-video-preview":"max-video-preview:-1"},"canonical":"https:\/\/www.arbataxpark.com\/fr\/horaires-de-navette\/","og_locale":"fr_FR","og_type":"article","og_title":"Service de navette - Arbatax Park","og_description":"Transfert Collectif Payant Le transfert collectif est payant pour les s\u00e9jours de moins de 7 nuits et pour les offres qui n\u2019incluent pas explicitement ce service. Nous prions les clients de bien vouloir envoyer les d\u00e9tails \u00e0 notre bureau de transfert par e-mail \u00e0 l\u2019adresse transfer@arbataxpark.com au moins 7 jours ouvrables avant l\u2019arriv\u00e9e. Le solde [&hellip;]","og_url":"https:\/\/www.arbataxpark.com\/fr\/horaires-de-navette\/","og_site_name":"Arbatax Park","article_modified_time":"2025-08-01T09:23:33+00:00","twitter_card":"summary_large_image","twitter_misc":{"Dur\u00e9e de lecture estim\u00e9e":"1 minute"},"schema":{"@context":"https:\/\/schema.org","@graph":[{"@type":"WebPage","@id":"https:\/\/www.arbataxpark.com\/fr\/horaires-de-navette\/","url":"https:\/\/www.arbataxpark.com\/fr\/horaires-de-navette\/","name":"Service de navette - Arbatax Park","isPartOf":{"@id":"https:\/\/www.arbataxpark.com\/fr\/#website"},"datePublished":"2019-04-09T15:36:19+00:00","dateModified":"2025-08-01T09:23:33+00:00","breadcrumb":{"@id":"https:\/\/www.arbataxpark.com\/fr\/horaires-de-navette\/#breadcrumb"},"inLanguage":"fr-FR","potentialAction":[{"@type":"ReadAction","target":["https:\/\/www.arbataxpark.com\/fr\/horaires-de-navette\/"]}]},{"@type":"BreadcrumbList","@id":"https:\/\/www.arbataxpark.com\/fr\/horaires-de-navette\/#breadcrumb","itemListElement":[{"@type":"ListItem","position":1,"name":"Home","item":"https:\/\/www.arbataxpark.com\/fr\/"},{"@type":"ListItem","position":2,"name":"Service de navette"}]},{"@type":"WebSite","@id":"https:\/\/www.arbataxpark.com\/fr\/#website","url":"https:\/\/www.arbataxpark.com\/fr\/","name":"Arbatax Park","description":"Just another ms.decms.eu site","potentialAction":[{"@type":"SearchAction","target":{"@type":"EntryPoint","urlTemplate":"https:\/\/www.arbataxpark.com\/fr\/?s={search_term_string}"},"query-input":{"@type":"PropertyValueSpecification","valueRequired":true,"valueName":"search_term_string"}}],"inLanguage":"fr-FR"}]}},"acf":[],"_links":{"self":[{"href":"https:\/\/www.arbataxpark.com\/fr\/wp-json\/wp\/v2\/pages\/6048","targetHints":{"allow":["GET"]}}],"collection":[{"href":"https:\/\/www.arbataxpark.com\/fr\/wp-json\/wp\/v2\/pages"}],"about":[{"href":"https:\/\/www.arbataxpark.com\/fr\/wp-json\/wp\/v2\/types\/page"}],"author":[{"embeddable":true,"href":"https:\/\/www.arbataxpark.com\/fr\/wp-json\/wp\/v2\/users\/21"}],"replies":[{"embeddable":true,"href":"https:\/\/www.arbataxpark.com\/fr\/wp-json\/wp\/v2\/comments?post=6048"}],"version-history":[{"count":0,"href":"https:\/\/www.arbataxpark.com\/fr\/wp-json\/wp\/v2\/pages\/6048\/revisions"}],"wp:attachment":[{"href":"https:\/\/www.arbataxpark.com\/fr\/wp-json\/wp\/v2\/media?parent=6048"}],"curies":[{"name":"wp","href":"https:\/\/api.w.org\/{rel}","templated":true}]}}