{"id":6365,"date":"2019-04-10T08:27:03","date_gmt":"2019-04-10T08:27:03","guid":{"rendered":"http:\/\/arbatax-park-group.ms.decms.eu\/?page_id=6365"},"modified":"2026-03-27T13:01:57","modified_gmt":"2026-03-27T13:01:57","slug":"qui-sommes-nous","status":"publish","type":"page","link":"https:\/\/www.arbataxpark.com\/fr\/qui-sommes-nous\/","title":{"rendered":"Qui sommes-nous ?"},"content":{"rendered":"<h4 style=\"text-align: center\"><img class=\"lazy\" style=\"width: 220px;height: auto\" data-src=\"https:\/\/www.arbataxpark.com\/wp-content\/uploads\/sites\/17\/2026\/03\/FMTG_Group_Logo_RGB-300x121.png\" alt=\"Logo FMTG Group\" \/><\/h4>\n<p><!-- Spazio sotto il logo --><\/p>\n<div style=\"height: 20px\"><\/div>\n<h4 style=\"text-align: center\" data-start=\"153\" data-end=\"196\"><strong data-start=\"153\" data-end=\"194\">Falkensteiner Michaeler Tourism Group (<span data-olk-copy-source=\"MessageBody\">FMTG)<\/span><\/strong><\/h4>\n<p><\/p>\n<h5 style=\"text-align: center\" data-start=\"198\" data-end=\"324\">Une entreprise touristique \u00e0 dimension familiale avec des racines sud-tyroliennes et une expertise europ\u00e9enne en h\u00f4tellerie<\/h5>\n<p>&nbsp;<\/p>\n<p data-start=\"326\" data-end=\"629\">Falkensteiner Michaeler Tourism Group AG (FMTG) est l\u2019une des principales entreprises touristiques priv\u00e9es en Europe. Le groupe est pr\u00e9sent dans six pays, d\u00e9veloppant, g\u00e9rant et soutenant des projets touristiques allant de la cr\u00e9ation et gestion d\u2019h\u00f4tels \u00e0 des services d\u2019investissement et de conseil.<\/p>\n<p data-start=\"631\" data-end=\"1187\">Diff\u00e9rentes unit\u00e9s op\u00e9rationnelles sp\u00e9cialis\u00e9es combinent leurs comp\u00e9tences sous l\u2019ombrelle de FMTG. Falkensteiner Hotels &amp; Residences g\u00e8re actuellement 27 h\u00f4tels quatre et cinq \u00e9toiles, ainsi que trois complexes r\u00e9sidentiels dans des destinations s\u00e9lectionn\u00e9es en Europe. Le portefeuille est compl\u00e9t\u00e9 par FMTG Camping, avec des campings de haute qualit\u00e9, par la soci\u00e9t\u00e9 de d\u00e9veloppement et de projets FMTG Development, par la plateforme d\u2019investissement FMTG Invest et par la soci\u00e9t\u00e9 de conseil touristique internationalement active Michaeler &amp; Partner.<\/p>\n<p data-start=\"1189\" data-end=\"1711\">\u00c0 partir de 2026, le groupe a \u00e9galement pris en charge la gestion op\u00e9rationnelle de <strong data-start=\"1273\" data-end=\"1315\">l\u2019Arbatax Park Resort by Falkensteiner<\/strong> : un vaste complexe implant\u00e9 sur plus de 60 hectares de nature pr\u00e9serv\u00e9e, au sein d\u2019une r\u00e9serve naturelle unique au monde et donnant sur la mer d\u2019Ogliastra. Les clients peuvent profiter d\u2019une offre compl\u00e8te \u2014 plages et criques, centre de bien-\u00eatre de 2 000 m\u00b2, nombreuses piscines et activit\u00e9s pour tous les \u00e2ges \u2014 dans un cadre qui allie nature, d\u00e9tente, loisirs et services de haute qualit\u00e9.<\/p>\n<p data-start=\"1189\" data-end=\"1711\"><img class=\"wp-image-21032 size-full aligncenter lazy\" data-src=\"https:\/\/www.arbataxpark.com\/wp-content\/uploads\/sites\/17\/2026\/03\/Falkensteiner-1024x576-1.jpeg\" alt=\"\" width=\"1024\" height=\"576\" srcset=\"https:\/\/www.arbataxpark.com\/wp-content\/uploads\/sites\/17\/2026\/03\/Falkensteiner-1024x576-1.jpeg 1024w, https:\/\/www.arbataxpark.com\/wp-content\/uploads\/sites\/17\/2026\/03\/Falkensteiner-1024x576-1-300x169.jpeg 300w, https:\/\/www.arbataxpark.com\/wp-content\/uploads\/sites\/17\/2026\/03\/Falkensteiner-1024x576-1-768x432.jpeg 768w, https:\/\/www.arbataxpark.com\/wp-content\/uploads\/sites\/17\/2026\/03\/Falkensteiner-1024x576-1-1000x563.jpeg 1000w, https:\/\/www.arbataxpark.com\/wp-content\/uploads\/sites\/17\/2026\/03\/Falkensteiner-1024x576-1-150x84.jpeg 150w, https:\/\/www.arbataxpark.com\/wp-content\/uploads\/sites\/17\/2026\/03\/Falkensteiner-1024x576-1-142x80.jpeg 142w\" sizes=\"(max-width: 1024px) 100vw, 1024px\" \/><\/p>\n<p style=\"text-align: center\" data-start=\"1189\" data-end=\"1711\"><em>Comment tout a commenc\u00e9&#8230; En 1957, Maria et Josef Fakensteiner ont ouvert une pension \u00e0 Casteldarne, en Tyrol du Sud<\/em><\/p>\n<p data-start=\"1713\" data-end=\"2125\">Les racines de l\u2019entreprise remontent \u00e0 plus de six d\u00e9cennies. Ce qui a commenc\u00e9 comme une petite pension de sept lits s\u2019est progressivement transform\u00e9 en un groupe touristique international. Cette histoire continue d\u2019influencer l\u2019approche de l\u2019entreprise aujourd\u2019hui : vision \u00e0 long terme, responsabilit\u00e9 entrepreneuriale et compr\u00e9hension claire de la mani\u00e8re de cr\u00e9er des exp\u00e9riences touristiques de qualit\u00e9.<\/p>\n<p data-start=\"2127\" data-end=\"2520\">Les <strong data-start=\"2131\" data-end=\"2168\">Falkensteiner Hotels &amp; Residences<\/strong> se trouvent dans des r\u00e9gions de vacances s\u00e9lectionn\u00e9es en Europe \u2014 le long des c\u00f4tes italiennes et croates, dans les Alpes autrichiennes et du Sud-Tyrol, ainsi qu\u2019au bord de lacs tels que le W\u00f6rthersee et le lac de Garde. Chaque \u00e9tablissement est d\u00e9velopp\u00e9 selon un concept clairement d\u00e9fini qui int\u00e8gre architecture, emplacement et client\u00e8le cible.<\/p>\n<p data-start=\"2522\" data-end=\"2831\">Le r\u00e9sultat : des lieux \u00e0 l\u2019identit\u00e9 distinctive, refl\u00e9tant les caract\u00e9ristiques r\u00e9gionales tout en maintenant les normes \u00e9lev\u00e9es de qualit\u00e9 de la marque. Des standards fiables, des concepts soign\u00e9s et un d\u00e9veloppement continu constituent la base d\u2019exp\u00e9riences qui font revenir les clients encore et encore.<\/p>\n<p data-start=\"2833\" data-end=\"2917\">En bref : des lieux o\u00f9 arriver, se ressourcer et profiter pleinement de l\u2019instant.<\/p>\n<p data-start=\"2919\" data-end=\"2971\">Ou, comme le dit Falkensteiner : <strong data-start=\"2952\" data-end=\"2968\">Welcome Home<\/strong>.<\/p>\n","protected":false},"excerpt":{"rendered":"<p>Falkensteiner Michaeler Tourism Group (FMTG) Une entreprise touristique \u00e0 dimension familiale avec des racines sud-tyroliennes et une expertise europ\u00e9enne en h\u00f4tellerie &nbsp; Falkensteiner Michaeler Tourism Group AG (FMTG) est l\u2019une des principales entreprises touristiques priv\u00e9es en Europe. Le groupe est pr\u00e9sent dans six pays, d\u00e9veloppant, g\u00e9rant et soutenant des projets touristiques allant de la cr\u00e9ation [&hellip;]<\/p>\n","protected":false},"author":21,"featured_media":0,"parent":0,"menu_order":1900,"comment_status":"closed","ping_status":"closed","template":"template-qualitando.php","meta":{"footnotes":""},"class_list":["post-6365","page","type-page","status-publish","hentry"],"yoast_head":"<!-- This site is optimized with the Yoast SEO plugin v26.9 - https:\/\/yoast.com\/product\/yoast-seo-wordpress\/ -->\n<title>Qui sommes-nous ? - Arbatax Park<\/title>\n<meta name=\"robots\" content=\"index, follow, max-snippet:-1, max-image-preview:large, max-video-preview:-1\" \/>\n<link rel=\"canonical\" href=\"https:\/\/www.arbataxpark.com\/fr\/qui-sommes-nous\/\" \/>\n<meta property=\"og:locale\" content=\"fr_FR\" \/>\n<meta property=\"og:type\" content=\"article\" \/>\n<meta property=\"og:title\" content=\"Qui sommes-nous ? - Arbatax Park\" \/>\n<meta property=\"og:description\" content=\"Falkensteiner Michaeler Tourism Group (FMTG) Une entreprise touristique \u00e0 dimension familiale avec des racines sud-tyroliennes et une expertise europ\u00e9enne en h\u00f4tellerie &nbsp; Falkensteiner Michaeler Tourism Group AG (FMTG) est l\u2019une des principales entreprises touristiques priv\u00e9es en Europe. Le groupe est pr\u00e9sent dans six pays, d\u00e9veloppant, g\u00e9rant et soutenant des projets touristiques allant de la cr\u00e9ation [&hellip;]\" \/>\n<meta property=\"og:url\" content=\"https:\/\/www.arbataxpark.com\/fr\/qui-sommes-nous\/\" \/>\n<meta property=\"og:site_name\" content=\"Arbatax Park\" \/>\n<meta property=\"article:modified_time\" content=\"2026-03-27T13:01:57+00:00\" \/>\n<meta property=\"og:image\" content=\"https:\/\/www.arbataxpark.com\/wp-content\/uploads\/sites\/17\/2026\/03\/FMTG_Group_Logo_RGB-300x121.png\" \/>\n<meta name=\"twitter:card\" content=\"summary_large_image\" \/>\n<meta name=\"twitter:label1\" content=\"Dur\u00e9e de lecture estim\u00e9e\" \/>\n\t<meta name=\"twitter:data1\" content=\"3 minutes\" \/>\n<script type=\"application\/ld+json\" class=\"yoast-schema-graph\">{\"@context\":\"https:\/\/schema.org\",\"@graph\":[{\"@type\":\"WebPage\",\"@id\":\"https:\/\/www.arbataxpark.com\/fr\/qui-sommes-nous\/\",\"url\":\"https:\/\/www.arbataxpark.com\/fr\/qui-sommes-nous\/\",\"name\":\"Qui sommes-nous ? - Arbatax Park\",\"isPartOf\":{\"@id\":\"https:\/\/www.arbataxpark.com\/fr\/#website\"},\"primaryImageOfPage\":{\"@id\":\"https:\/\/www.arbataxpark.com\/fr\/qui-sommes-nous\/#primaryimage\"},\"image\":{\"@id\":\"https:\/\/www.arbataxpark.com\/fr\/qui-sommes-nous\/#primaryimage\"},\"thumbnailUrl\":\"https:\/\/www.arbataxpark.com\/wp-content\/uploads\/sites\/17\/2026\/03\/FMTG_Group_Logo_RGB-300x121.png\",\"datePublished\":\"2019-04-10T08:27:03+00:00\",\"dateModified\":\"2026-03-27T13:01:57+00:00\",\"breadcrumb\":{\"@id\":\"https:\/\/www.arbataxpark.com\/fr\/qui-sommes-nous\/#breadcrumb\"},\"inLanguage\":\"fr-FR\",\"potentialAction\":[{\"@type\":\"ReadAction\",\"target\":[\"https:\/\/www.arbataxpark.com\/fr\/qui-sommes-nous\/\"]}]},{\"@type\":\"ImageObject\",\"inLanguage\":\"fr-FR\",\"@id\":\"https:\/\/www.arbataxpark.com\/fr\/qui-sommes-nous\/#primaryimage\",\"url\":\"https:\/\/www.arbataxpark.com\/wp-content\/uploads\/sites\/17\/2026\/03\/FMTG_Group_Logo_RGB-300x121.png\",\"contentUrl\":\"https:\/\/www.arbataxpark.com\/wp-content\/uploads\/sites\/17\/2026\/03\/FMTG_Group_Logo_RGB-300x121.png\"},{\"@type\":\"BreadcrumbList\",\"@id\":\"https:\/\/www.arbataxpark.com\/fr\/qui-sommes-nous\/#breadcrumb\",\"itemListElement\":[{\"@type\":\"ListItem\",\"position\":1,\"name\":\"Home\",\"item\":\"https:\/\/www.arbataxpark.com\/fr\/\"},{\"@type\":\"ListItem\",\"position\":2,\"name\":\"Qui sommes-nous ?\"}]},{\"@type\":\"WebSite\",\"@id\":\"https:\/\/www.arbataxpark.com\/fr\/#website\",\"url\":\"https:\/\/www.arbataxpark.com\/fr\/\",\"name\":\"Arbatax Park\",\"description\":\"Just another ms.decms.eu site\",\"potentialAction\":[{\"@type\":\"SearchAction\",\"target\":{\"@type\":\"EntryPoint\",\"urlTemplate\":\"https:\/\/www.arbataxpark.com\/fr\/?s={search_term_string}\"},\"query-input\":{\"@type\":\"PropertyValueSpecification\",\"valueRequired\":true,\"valueName\":\"search_term_string\"}}],\"inLanguage\":\"fr-FR\"}]}<\/script>\n<!-- \/ Yoast SEO plugin. -->","yoast_head_json":{"title":"Qui sommes-nous ? - Arbatax Park","robots":{"index":"index","follow":"follow","max-snippet":"max-snippet:-1","max-image-preview":"max-image-preview:large","max-video-preview":"max-video-preview:-1"},"canonical":"https:\/\/www.arbataxpark.com\/fr\/qui-sommes-nous\/","og_locale":"fr_FR","og_type":"article","og_title":"Qui sommes-nous ? - Arbatax Park","og_description":"Falkensteiner Michaeler Tourism Group (FMTG) Une entreprise touristique \u00e0 dimension familiale avec des racines sud-tyroliennes et une expertise europ\u00e9enne en h\u00f4tellerie &nbsp; Falkensteiner Michaeler Tourism Group AG (FMTG) est l\u2019une des principales entreprises touristiques priv\u00e9es en Europe. Le groupe est pr\u00e9sent dans six pays, d\u00e9veloppant, g\u00e9rant et soutenant des projets touristiques allant de la cr\u00e9ation [&hellip;]","og_url":"https:\/\/www.arbataxpark.com\/fr\/qui-sommes-nous\/","og_site_name":"Arbatax Park","article_modified_time":"2026-03-27T13:01:57+00:00","og_image":[{"url":"https:\/\/www.arbataxpark.com\/wp-content\/uploads\/sites\/17\/2026\/03\/FMTG_Group_Logo_RGB-300x121.png","type":"","width":"","height":""}],"twitter_card":"summary_large_image","twitter_misc":{"Dur\u00e9e de lecture estim\u00e9e":"3 minutes"},"schema":{"@context":"https:\/\/schema.org","@graph":[{"@type":"WebPage","@id":"https:\/\/www.arbataxpark.com\/fr\/qui-sommes-nous\/","url":"https:\/\/www.arbataxpark.com\/fr\/qui-sommes-nous\/","name":"Qui sommes-nous ? - Arbatax Park","isPartOf":{"@id":"https:\/\/www.arbataxpark.com\/fr\/#website"},"primaryImageOfPage":{"@id":"https:\/\/www.arbataxpark.com\/fr\/qui-sommes-nous\/#primaryimage"},"image":{"@id":"https:\/\/www.arbataxpark.com\/fr\/qui-sommes-nous\/#primaryimage"},"thumbnailUrl":"https:\/\/www.arbataxpark.com\/wp-content\/uploads\/sites\/17\/2026\/03\/FMTG_Group_Logo_RGB-300x121.png","datePublished":"2019-04-10T08:27:03+00:00","dateModified":"2026-03-27T13:01:57+00:00","breadcrumb":{"@id":"https:\/\/www.arbataxpark.com\/fr\/qui-sommes-nous\/#breadcrumb"},"inLanguage":"fr-FR","potentialAction":[{"@type":"ReadAction","target":["https:\/\/www.arbataxpark.com\/fr\/qui-sommes-nous\/"]}]},{"@type":"ImageObject","inLanguage":"fr-FR","@id":"https:\/\/www.arbataxpark.com\/fr\/qui-sommes-nous\/#primaryimage","url":"https:\/\/www.arbataxpark.com\/wp-content\/uploads\/sites\/17\/2026\/03\/FMTG_Group_Logo_RGB-300x121.png","contentUrl":"https:\/\/www.arbataxpark.com\/wp-content\/uploads\/sites\/17\/2026\/03\/FMTG_Group_Logo_RGB-300x121.png"},{"@type":"BreadcrumbList","@id":"https:\/\/www.arbataxpark.com\/fr\/qui-sommes-nous\/#breadcrumb","itemListElement":[{"@type":"ListItem","position":1,"name":"Home","item":"https:\/\/www.arbataxpark.com\/fr\/"},{"@type":"ListItem","position":2,"name":"Qui sommes-nous ?"}]},{"@type":"WebSite","@id":"https:\/\/www.arbataxpark.com\/fr\/#website","url":"https:\/\/www.arbataxpark.com\/fr\/","name":"Arbatax Park","description":"Just another ms.decms.eu site","potentialAction":[{"@type":"SearchAction","target":{"@type":"EntryPoint","urlTemplate":"https:\/\/www.arbataxpark.com\/fr\/?s={search_term_string}"},"query-input":{"@type":"PropertyValueSpecification","valueRequired":true,"valueName":"search_term_string"}}],"inLanguage":"fr-FR"}]}},"acf":[],"_links":{"self":[{"href":"https:\/\/www.arbataxpark.com\/fr\/wp-json\/wp\/v2\/pages\/6365","targetHints":{"allow":["GET"]}}],"collection":[{"href":"https:\/\/www.arbataxpark.com\/fr\/wp-json\/wp\/v2\/pages"}],"about":[{"href":"https:\/\/www.arbataxpark.com\/fr\/wp-json\/wp\/v2\/types\/page"}],"author":[{"embeddable":true,"href":"https:\/\/www.arbataxpark.com\/fr\/wp-json\/wp\/v2\/users\/21"}],"replies":[{"embeddable":true,"href":"https:\/\/www.arbataxpark.com\/fr\/wp-json\/wp\/v2\/comments?post=6365"}],"version-history":[{"count":0,"href":"https:\/\/www.arbataxpark.com\/fr\/wp-json\/wp\/v2\/pages\/6365\/revisions"}],"wp:attachment":[{"href":"https:\/\/www.arbataxpark.com\/fr\/wp-json\/wp\/v2\/media?parent=6365"}],"curies":[{"name":"wp","href":"https:\/\/api.w.org\/{rel}","templated":true}]}}