{"id":6439,"date":"2019-04-10T11:41:28","date_gmt":"2019-04-10T11:41:28","guid":{"rendered":"http:\/\/arbatax-park-group.ms.decms.eu\/?page_id=6439"},"modified":"2019-04-10T11:50:48","modified_gmt":"2019-04-10T11:50:48","slug":"contactez-nous","status":"publish","type":"page","link":"https:\/\/www.arbataxpark.com\/fr\/contactez-nous\/","title":{"rendered":"Contactez nous"},"content":{"rendered":"\n                <div class='gf_browser_gecko gform_wrapper general_form_wrapper work_with_us_wrapper' id='gform_wrapper_12' ><form method='post' enctype='multipart\/form-data'  id='gform_12' class='general_form work_with_us' action='\/fr\/wp-json\/wp\/v2\/pages\/6439'>\n                        <div class='gform_body'><ul id='gform_fields_12' class='gform_fields top_label form_sublabel_below description_below'><li id='field_12_1'  class='gfield name_field gfield_contains_required field_sublabel_below field_description_below gfield_visibility_visible' ><label class='gfield_label' for='input_12_1' >Nom<span class='gfield_required'>*<\/span><\/label><div class='ginput_container ginput_container_text'><input name='input_1' id='input_12_1' type='text' value='' class='medium'    placeholder='Nom' aria-required=\"true\" aria-invalid=\"false\" \/><\/div><\/li><li id='field_12_6'  class='gfield surname_field gfield_contains_required field_sublabel_below field_description_below gfield_visibility_visible' ><label class='gfield_label' for='input_12_6' >Pr\u00e9nom<span class='gfield_required'>*<\/span><\/label><div class='ginput_container ginput_container_text'><input name='input_6' id='input_12_6' type='text' value='' class='medium'    placeholder='Pr\u00e9nom' aria-required=\"true\" aria-invalid=\"false\" \/><\/div><\/li><li id='field_12_7'  class='gfield gfield_contains_required field_sublabel_below field_description_below gfield_visibility_visible' ><label class='gfield_label' for='input_12_7' >Email<span class='gfield_required'>*<\/span><\/label><div class='ginput_container ginput_container_email'>\n                            <input name='input_7' id='input_12_7' type='text' value='' class='medium'   placeholder='Votre adresse email' aria-required=\"true\" aria-invalid=\"false\" \/>\n                        <\/div><\/li><li id='field_12_8'  class='gfield field_sublabel_below field_description_below gfield_visibility_visible' ><label class='gfield_label' for='input_12_8' >Num\u00e9ro de t\u00e9l\u00e9phone<\/label><div class='ginput_container ginput_container_phone'><input name='input_8' id='input_12_8' type='text' value='' class='medium'  placeholder='votre num\u00e9ro'  aria-invalid=\"false\"  \/><\/div><\/li><li id='field_12_4'  class='gfield field_sublabel_below field_description_below gfield_visibility_visible' ><label class='gfield_label' for='input_12_4' >Message<\/label><div class='ginput_container ginput_container_textarea'><textarea name='input_4' id='input_12_4' class='textarea medium'    placeholder='S&#039;il vous pla\u00eet, \u00e9crivez ici toute votre demande.'  aria-invalid=\"false\"   rows='10' cols='50'><\/textarea><\/div><\/li><li id='field_12_5'  class='gfield gfield_contains_required field_sublabel_below field_description_below gfield_visibility_visible' ><label class='gfield_label'  >Protection de la vie priv\u00e9e<span class='gfield_required'>*<\/span><\/label><div class='ginput_container ginput_container_checkbox'><ul class='gfield_checkbox' id='input_12_5'><li class='gchoice_12_5_1'>\n\t\t\t\t\t\t\t\t<input name='input_5.1' type='checkbox'  value='J\u2019accepte les dispositions en mati\u00e8re de protection de la vie priv\u00e9e. &lt;a target=&quot;_blank&quot; href=&quot;https:\/\/www.arbataxpark.com\/en\/privacy-policy&quot;&gt;Plus d\u2019informations&lt;\/a&gt;'  id='choice_12_5_1'   \/>\n\t\t\t\t\t\t\t\t<label for='choice_12_5_1' id='label_12_5_1'>J\u2019accepte les dispositions en mati\u00e8re de protection de la vie priv\u00e9e. <a target=\"_blank\" href=\"https:\/\/www.arbataxpark.com\/en\/privacy-policy\">Plus d\u2019informations<\/a><\/label>\n\t\t\t\t\t\t\t<\/li><\/ul><\/div><\/li><li id='field_12_9'  class='gfield field_sublabel_below field_description_below gfield_visibility_visible' ><label class='gfield_label' for='input_12_9' >CAPTCHA<\/label><div id='input_12_9' class='ginput_container ginput_recaptcha' data-sitekey='6LeG8JMcAAAAAPDNbwW-6mN0EVYYeGwcEnGK1fvo'  data-theme='light' data-tabindex='0'  data-badge=''><\/div><\/li><li id='field_12_10'  class='gfield gform_validation_container field_sublabel_below field_description_below gfield_visibility_visible' ><label class='gfield_label' for='input_12_10' >Name<\/label><div class='ginput_container'><input name='input_10' id='input_12_10' type='text' value='' \/><\/div><div class='gfield_description' id='gfield_description_12_10'>Ce champ n\u2019est utilis\u00e9 qu\u2019\u00e0 des fins de validation et devrait rester inchang\u00e9.<\/div><\/li>\n                            <\/ul><\/div>\n        <div class='gform_footer top_label'> <input type='submit' id='gform_submit_button_12' class='gform_button button' value='Envoyer'  onclick='if(window[\"gf_submitting_12\"]){return false;}  window[\"gf_submitting_12\"]=true;  ' onkeypress='if( event.keyCode == 13 ){ if(window[\"gf_submitting_12\"]){return false;} window[\"gf_submitting_12\"]=true;  jQuery(\"#gform_12\").trigger(\"submit\",[true]); }' \/> \n            <input type='hidden' class='gform_hidden' name='is_submit_12' value='1' \/>\n            <input type='hidden' class='gform_hidden' name='gform_submit' value='12' \/>\n            \n            <input type='hidden' class='gform_hidden' name='gform_unique_id' value='' \/>\n            <input type='hidden' class='gform_hidden' name='state_12' value='WyJbXSIsIjMzYmYyMWNkYTJhNzA4YTM1YzdlNzFmY2RiNzcyYTQwIl0=' \/>\n            <input type='hidden' class='gform_hidden' name='gform_target_page_number_12' id='gform_target_page_number_12' value='0' \/>\n            <input type='hidden' class='gform_hidden' name='gform_source_page_number_12' id='gform_source_page_number_12' value='1' \/>\n            <input type='hidden' name='gform_field_values' value='' \/>\n            \n        <\/div>\n                        <\/form>\n                        <\/div>\n","protected":false},"excerpt":{"rendered":"","protected":false},"author":21,"featured_media":0,"parent":0,"menu_order":2000,"comment_status":"closed","ping_status":"closed","template":"","meta":{"footnotes":""},"class_list":["post-6439","page","type-page","status-publish","hentry"],"yoast_head":"<!-- This site is optimized with the Yoast SEO plugin v26.9 - https:\/\/yoast.com\/product\/yoast-seo-wordpress\/ -->\n<title>Contactez nous - Arbatax Park<\/title>\n<meta name=\"robots\" content=\"index, follow, max-snippet:-1, max-image-preview:large, max-video-preview:-1\" \/>\n<link rel=\"canonical\" href=\"https:\/\/www.arbataxpark.com\/fr\/contactez-nous\/\" \/>\n<meta property=\"og:locale\" content=\"fr_FR\" \/>\n<meta property=\"og:type\" content=\"article\" \/>\n<meta property=\"og:title\" content=\"Contactez nous - Arbatax Park\" \/>\n<meta property=\"og:url\" content=\"https:\/\/www.arbataxpark.com\/fr\/contactez-nous\/\" \/>\n<meta property=\"og:site_name\" content=\"Arbatax Park\" \/>\n<meta property=\"article:modified_time\" content=\"2019-04-10T11:50:48+00:00\" \/>\n<meta name=\"twitter:card\" content=\"summary_large_image\" \/>\n<script type=\"application\/ld+json\" class=\"yoast-schema-graph\">{\"@context\":\"https:\/\/schema.org\",\"@graph\":[{\"@type\":\"WebPage\",\"@id\":\"https:\/\/www.arbataxpark.com\/fr\/contactez-nous\/\",\"url\":\"https:\/\/www.arbataxpark.com\/fr\/contactez-nous\/\",\"name\":\"Contactez nous - Arbatax Park\",\"isPartOf\":{\"@id\":\"https:\/\/www.arbataxpark.com\/fr\/#website\"},\"datePublished\":\"2019-04-10T11:41:28+00:00\",\"dateModified\":\"2019-04-10T11:50:48+00:00\",\"breadcrumb\":{\"@id\":\"https:\/\/www.arbataxpark.com\/fr\/contactez-nous\/#breadcrumb\"},\"inLanguage\":\"fr-FR\",\"potentialAction\":[{\"@type\":\"ReadAction\",\"target\":[\"https:\/\/www.arbataxpark.com\/fr\/contactez-nous\/\"]}]},{\"@type\":\"BreadcrumbList\",\"@id\":\"https:\/\/www.arbataxpark.com\/fr\/contactez-nous\/#breadcrumb\",\"itemListElement\":[{\"@type\":\"ListItem\",\"position\":1,\"name\":\"Home\",\"item\":\"https:\/\/www.arbataxpark.com\/fr\/\"},{\"@type\":\"ListItem\",\"position\":2,\"name\":\"Contactez nous\"}]},{\"@type\":\"WebSite\",\"@id\":\"https:\/\/www.arbataxpark.com\/fr\/#website\",\"url\":\"https:\/\/www.arbataxpark.com\/fr\/\",\"name\":\"Arbatax Park\",\"description\":\"Just another ms.decms.eu site\",\"potentialAction\":[{\"@type\":\"SearchAction\",\"target\":{\"@type\":\"EntryPoint\",\"urlTemplate\":\"https:\/\/www.arbataxpark.com\/fr\/?s={search_term_string}\"},\"query-input\":{\"@type\":\"PropertyValueSpecification\",\"valueRequired\":true,\"valueName\":\"search_term_string\"}}],\"inLanguage\":\"fr-FR\"}]}<\/script>\n<!-- \/ Yoast SEO plugin. -->","yoast_head_json":{"title":"Contactez nous - Arbatax Park","robots":{"index":"index","follow":"follow","max-snippet":"max-snippet:-1","max-image-preview":"max-image-preview:large","max-video-preview":"max-video-preview:-1"},"canonical":"https:\/\/www.arbataxpark.com\/fr\/contactez-nous\/","og_locale":"fr_FR","og_type":"article","og_title":"Contactez nous - Arbatax Park","og_url":"https:\/\/www.arbataxpark.com\/fr\/contactez-nous\/","og_site_name":"Arbatax Park","article_modified_time":"2019-04-10T11:50:48+00:00","twitter_card":"summary_large_image","schema":{"@context":"https:\/\/schema.org","@graph":[{"@type":"WebPage","@id":"https:\/\/www.arbataxpark.com\/fr\/contactez-nous\/","url":"https:\/\/www.arbataxpark.com\/fr\/contactez-nous\/","name":"Contactez nous - Arbatax Park","isPartOf":{"@id":"https:\/\/www.arbataxpark.com\/fr\/#website"},"datePublished":"2019-04-10T11:41:28+00:00","dateModified":"2019-04-10T11:50:48+00:00","breadcrumb":{"@id":"https:\/\/www.arbataxpark.com\/fr\/contactez-nous\/#breadcrumb"},"inLanguage":"fr-FR","potentialAction":[{"@type":"ReadAction","target":["https:\/\/www.arbataxpark.com\/fr\/contactez-nous\/"]}]},{"@type":"BreadcrumbList","@id":"https:\/\/www.arbataxpark.com\/fr\/contactez-nous\/#breadcrumb","itemListElement":[{"@type":"ListItem","position":1,"name":"Home","item":"https:\/\/www.arbataxpark.com\/fr\/"},{"@type":"ListItem","position":2,"name":"Contactez nous"}]},{"@type":"WebSite","@id":"https:\/\/www.arbataxpark.com\/fr\/#website","url":"https:\/\/www.arbataxpark.com\/fr\/","name":"Arbatax Park","description":"Just another ms.decms.eu site","potentialAction":[{"@type":"SearchAction","target":{"@type":"EntryPoint","urlTemplate":"https:\/\/www.arbataxpark.com\/fr\/?s={search_term_string}"},"query-input":{"@type":"PropertyValueSpecification","valueRequired":true,"valueName":"search_term_string"}}],"inLanguage":"fr-FR"}]}},"acf":[],"_links":{"self":[{"href":"https:\/\/www.arbataxpark.com\/fr\/wp-json\/wp\/v2\/pages\/6439","targetHints":{"allow":["GET"]}}],"collection":[{"href":"https:\/\/www.arbataxpark.com\/fr\/wp-json\/wp\/v2\/pages"}],"about":[{"href":"https:\/\/www.arbataxpark.com\/fr\/wp-json\/wp\/v2\/types\/page"}],"author":[{"embeddable":true,"href":"https:\/\/www.arbataxpark.com\/fr\/wp-json\/wp\/v2\/users\/21"}],"replies":[{"embeddable":true,"href":"https:\/\/www.arbataxpark.com\/fr\/wp-json\/wp\/v2\/comments?post=6439"}],"version-history":[{"count":0,"href":"https:\/\/www.arbataxpark.com\/fr\/wp-json\/wp\/v2\/pages\/6439\/revisions"}],"wp:attachment":[{"href":"https:\/\/www.arbataxpark.com\/fr\/wp-json\/wp\/v2\/media?parent=6439"}],"curies":[{"name":"wp","href":"https:\/\/api.w.org\/{rel}","templated":true}]}}