{"id":6460,"date":"2019-04-10T12:39:28","date_gmt":"2019-04-10T12:39:28","guid":{"rendered":"http:\/\/arbatax-park-group.ms.decms.eu\/?page_id=6460"},"modified":"2023-04-17T11:07:25","modified_gmt":"2023-04-17T11:07:25","slug":"excursions","status":"publish","type":"page","link":"https:\/\/www.arbataxpark.com\/fr\/evenements-et-temps-libre\/excursions\/","title":{"rendered":"Excursions"},"content":{"rendered":"<h4 class=\"heading\">Excursions pour ceux qui aiment la Mer<\/h4>\n<p><b>Capo Monte Santo<\/b>: les falaises en granit typiques de toutes les couleurs et en pierre calcaire qui se dressent le long des c\u00f4tes adjacentes offrent un spectacle enchanteur et suggestif. Des eaux claires et transparentes qui baignent des baies \u00e9tonnantes avec de merveilleuses nuances aux couleurs allant du bleu, au vert-bleu et au vert intense, selon la profondeur des fonds marins.<\/p>\n<p><b>Cala Goloritz\u00e8<\/b>: c\u2019est le symbole de la c\u00f4te de l\u2019Ogliastra avec sa c\u00e9l\u00e8bre aiguille de 143 m\u00e8tres et son arche naturelle qui s\u2019ouvre sur le c\u00f4t\u00e9 droit de cette charmante baie. La plage est recouverte de petits galets blancs et de sable blanc et fin. Mer turquoise et profonde, nature solitaire et sauvage, un int\u00e9r\u00eat et une beaut\u00e9 exceptionnels.<\/p>\n<p><b>Cala Mariolu<\/b>: une belle plage de petites pierres blanches, eaux cristallines et claires, fonds marins d\u2019un vert \u00e9meraude saisissant. Prot\u00e9g\u00e9e par de v\u00e9ritables murs de calcaire et baignant dans le parfum du maquis parfum\u00e9 et verdoyant. Les hauts rochers qui la dominent abritent diverses esp\u00e8ces d\u2019oiseaux marins, comme le faucon p\u00e8lerin, l\u2019aigle royal et l\u2019aigle Bonelli, le faucon de la reine et quelques exemplaires de rapaces et de vautours.<\/p>\n<p><b>Cala Sisine<\/b>: elle est situ\u00e9e entre les falaises spectaculaires, culminant \u00e0 plus de 500 m et descendant verticalement dans la mer. Elle se caract\u00e9rise par deux falaises rocheuses, bord\u00e9es de gen\u00e9vriers et de ch\u00eanes verts. Le fond est constitu\u00e9 de sable blanc crayeux et de rochers polis par la mer. Eaux cristallines et fonds marins superbes, pris\u00e9s par ceux qui veulent se plonger dans ses eaux et explorer le monde sous-marin.<\/p>\n<p><b>Cala Luna<\/b>: probablement l\u2019anse la plus c\u00e9l\u00e8bre et c\u00e9l\u00e8bre de l\u2019\u00eele ayant servi de cadre au tournage de nombreux films du cin\u00e9ma italien et \u00e9tranger. La plage, m\u00ealant sable blanc et grosses pierres, est caract\u00e9ris\u00e9e par la pr\u00e9sence de grottes et de criques fascinantes \u00e0 l\u2019avant de l\u2019<a href=\"http:\/\/it.wikipedia.org\/wiki\/Battigia\">estran<\/a>, en raison de l\u2019action de l\u2019\u00e9rosion marine sur les<a href=\"http:\/\/it.wikipedia.org\/wiki\/Roccia\">roches<\/a>\u00a0d\u2019origine calcaire. Derri\u00e8re la plage, un bosquet de lauriers roses et un \u00e9tang d\u2019eau douce.<\/p>\n<p><b>Grotte del Bue Marino<\/b>: son nom particulier vient du phoque moine (b\u0153uf marin), un magnifique mammif\u00e8re, qui aime vivre dans les belles baies du golfe d\u2019Orosei. La grotte, longue de 5 km, peut \u00eatre visit\u00e9e en suivant les sentiers guid\u00e9es et illumin\u00e9s sur environ 900 m\u00e8tres. Une grande galerie o\u00f9 p\u00e9n\u00e8tre l\u2019eau de mer, entour\u00e9e de nombreux lacs d\u2019eau douce, aliment\u00e9s par des rivi\u00e8res souterraines, s\u00e9par\u00e9s par de petites plages de sable et des concr\u00e9tions riches. Un chemin d\u2019acc\u00e8s complet ponctu\u00e9 de stalactites et stalagmites qui offrent un spectacle chromatique extraordinaire due \u00e0 des faisceaux lumineux qui p\u00e9n\u00e8trent \u00e0 l\u2019int\u00e9rieur.<\/p>\n<p><b>Grotta del Fico<\/b>: elle est situ\u00e9e \u00e0 10 m\u00e8tres au-dessus du niveau de la mer dans les belles falaises de calcaire du Golfe. Tunnels myst\u00e9rieux d\u2019une terre mill\u00e9naire travers\u00e9s par des passerelles qui permettent d\u2019\u00e9voluer facilement le long du lit d\u2019une ancienne rivi\u00e8re souterraine, d\u00e9sormais fossilis\u00e9e. La grotte est particuli\u00e8rement importante pour les nombreux siphons li\u00e9s \u00e0 la mer utilis\u00e9s par le phoque moine qui choisissait les petites plages pour se reproduire.<\/p>\n<p><b>Cea:<\/b>\u00a0une plage de sable blanc de plus de un kilom\u00e8tre de long caract\u00e9ris\u00e9e par la pr\u00e9sence des Faraglioni qui se d\u00e9tachent sur l\u2019horizon en cr\u00e9ant un jeu unique de couleurs. Derri\u00e8re la plage, la v\u00e9g\u00e9tation dense exhale les senteurs typiques du maquis m\u00e9diterran\u00e9en.<\/p>\n<p><b>Cala Sirboni<\/b>: des eaux transparentes d\u2019un bleu profond, entour\u00e9es par un environnement pr\u00e9serv\u00e9. Le sable est clair, fin et m\u00eal\u00e9 de galets et de quelques rochers affleurant. Balay\u00e9e par le vent, Su Sirboni est un endroit id\u00e9al pour les surfeurs \u00e9galement pris\u00e9 par les plongeurs.<\/p>\n<h4 class=\"heading\">Visitez notre point info pour toutes les informations sur nos excursions ou cliquez sur le lien ci-dessous<\/h4>\n<p>T\u00e9l\u00e9chargez notre application sur votre smartphone et d\u00e9couvrez la rubrique sur les excursions.<\/p>\n<p>Estimez si vous voulez ajouter un tableau ou le nom d\u2019une excursion, les sites visit\u00e9s et la dur\u00e9e.<\/p>\n<p>&nbsp;<\/p>\n<p><b>Excursions pour ceux qui aiment la Montagne<\/b><\/p>\n<ul>\n<li>Train vert de la Sardaigne\u00a0: excursion \u00e0 la d\u00e9couverte du territoire sauvage du Supramonte \u00e0 bord d\u2019un petit train touristique.<\/li>\n<li>Haut-plateau du Golgo et Supramonte<\/li>\n<li>Grotte Su Marmuri\u00a0: elle est consid\u00e9r\u00e9e comme l\u2019une des plus impressionnantes en Europe<\/li>\n<li>Excursion entre histoire et arch\u00e9ologie\u00a0: Tortol\u00ec et environs<\/li>\n<li>Santa Maria Navarrese et Baunei\u00a0: entre histoire et nature sauvage<\/li>\n<li>Safari en jeep Tacchi d\u2019Ogliastra (Gairo)<\/li>\n<li>Randonn\u00e9e Goloritz\u00e8<\/li>\n<\/ul>\n<p><b>Visitez notre point info pour toutes les informations sur nos excursions<\/b><\/p>\n","protected":false},"excerpt":{"rendered":"<p>Excursions pour ceux qui aiment la Mer Capo Monte Santo: les falaises en granit typiques de toutes les couleurs et en pierre calcaire qui se dressent le long des c\u00f4tes adjacentes offrent un spectacle enchanteur et suggestif. Des eaux claires et transparentes qui baignent des baies \u00e9tonnantes avec de merveilleuses nuances aux couleurs allant du [&hellip;]<\/p>\n","protected":false},"author":21,"featured_media":0,"parent":9773,"menu_order":5,"comment_status":"closed","ping_status":"closed","template":"","meta":{"footnotes":""},"class_list":["post-6460","page","type-page","status-publish","hentry"],"yoast_head":"<!-- This site is optimized with the Yoast SEO plugin v26.9 - https:\/\/yoast.com\/product\/yoast-seo-wordpress\/ -->\n<title>Excursions - Arbatax Park<\/title>\n<meta name=\"robots\" content=\"index, follow, max-snippet:-1, max-image-preview:large, max-video-preview:-1\" \/>\n<link rel=\"canonical\" href=\"https:\/\/www.arbataxpark.com\/fr\/evenements-et-temps-libre\/excursions\/\" \/>\n<meta property=\"og:locale\" content=\"fr_FR\" \/>\n<meta property=\"og:type\" content=\"article\" \/>\n<meta property=\"og:title\" content=\"Excursions - Arbatax Park\" \/>\n<meta property=\"og:description\" content=\"Excursions pour ceux qui aiment la Mer Capo Monte Santo: les falaises en granit typiques de toutes les couleurs et en pierre calcaire qui se dressent le long des c\u00f4tes adjacentes offrent un spectacle enchanteur et suggestif. Des eaux claires et transparentes qui baignent des baies \u00e9tonnantes avec de merveilleuses nuances aux couleurs allant du [&hellip;]\" \/>\n<meta property=\"og:url\" content=\"https:\/\/www.arbataxpark.com\/fr\/evenements-et-temps-libre\/excursions\/\" \/>\n<meta property=\"og:site_name\" content=\"Arbatax Park\" \/>\n<meta property=\"article:modified_time\" content=\"2023-04-17T11:07:25+00:00\" \/>\n<meta name=\"twitter:card\" content=\"summary_large_image\" \/>\n<meta name=\"twitter:label1\" content=\"Dur\u00e9e de lecture estim\u00e9e\" \/>\n\t<meta name=\"twitter:data1\" content=\"4 minutes\" \/>\n<script type=\"application\/ld+json\" class=\"yoast-schema-graph\">{\"@context\":\"https:\/\/schema.org\",\"@graph\":[{\"@type\":\"WebPage\",\"@id\":\"https:\/\/www.arbataxpark.com\/fr\/evenements-et-temps-libre\/excursions\/\",\"url\":\"https:\/\/www.arbataxpark.com\/fr\/evenements-et-temps-libre\/excursions\/\",\"name\":\"Excursions - Arbatax Park\",\"isPartOf\":{\"@id\":\"https:\/\/www.arbataxpark.com\/fr\/#website\"},\"datePublished\":\"2019-04-10T12:39:28+00:00\",\"dateModified\":\"2023-04-17T11:07:25+00:00\",\"breadcrumb\":{\"@id\":\"https:\/\/www.arbataxpark.com\/fr\/evenements-et-temps-libre\/excursions\/#breadcrumb\"},\"inLanguage\":\"fr-FR\",\"potentialAction\":[{\"@type\":\"ReadAction\",\"target\":[\"https:\/\/www.arbataxpark.com\/fr\/evenements-et-temps-libre\/excursions\/\"]}]},{\"@type\":\"BreadcrumbList\",\"@id\":\"https:\/\/www.arbataxpark.com\/fr\/evenements-et-temps-libre\/excursions\/#breadcrumb\",\"itemListElement\":[{\"@type\":\"ListItem\",\"position\":1,\"name\":\"Home\",\"item\":\"https:\/\/www.arbataxpark.com\/fr\/\"},{\"@type\":\"ListItem\",\"position\":2,\"name\":\"\u00c9v\u00e9nements et temps libre.\",\"item\":\"https:\/\/www.arbataxpark.com\/fr\/evenements-et-temps-libre\/\"},{\"@type\":\"ListItem\",\"position\":3,\"name\":\"Excursions\"}]},{\"@type\":\"WebSite\",\"@id\":\"https:\/\/www.arbataxpark.com\/fr\/#website\",\"url\":\"https:\/\/www.arbataxpark.com\/fr\/\",\"name\":\"Arbatax Park\",\"description\":\"Just another ms.decms.eu site\",\"potentialAction\":[{\"@type\":\"SearchAction\",\"target\":{\"@type\":\"EntryPoint\",\"urlTemplate\":\"https:\/\/www.arbataxpark.com\/fr\/?s={search_term_string}\"},\"query-input\":{\"@type\":\"PropertyValueSpecification\",\"valueRequired\":true,\"valueName\":\"search_term_string\"}}],\"inLanguage\":\"fr-FR\"}]}<\/script>\n<!-- \/ Yoast SEO plugin. -->","yoast_head_json":{"title":"Excursions - Arbatax Park","robots":{"index":"index","follow":"follow","max-snippet":"max-snippet:-1","max-image-preview":"max-image-preview:large","max-video-preview":"max-video-preview:-1"},"canonical":"https:\/\/www.arbataxpark.com\/fr\/evenements-et-temps-libre\/excursions\/","og_locale":"fr_FR","og_type":"article","og_title":"Excursions - Arbatax Park","og_description":"Excursions pour ceux qui aiment la Mer Capo Monte Santo: les falaises en granit typiques de toutes les couleurs et en pierre calcaire qui se dressent le long des c\u00f4tes adjacentes offrent un spectacle enchanteur et suggestif. Des eaux claires et transparentes qui baignent des baies \u00e9tonnantes avec de merveilleuses nuances aux couleurs allant du [&hellip;]","og_url":"https:\/\/www.arbataxpark.com\/fr\/evenements-et-temps-libre\/excursions\/","og_site_name":"Arbatax Park","article_modified_time":"2023-04-17T11:07:25+00:00","twitter_card":"summary_large_image","twitter_misc":{"Dur\u00e9e de lecture estim\u00e9e":"4 minutes"},"schema":{"@context":"https:\/\/schema.org","@graph":[{"@type":"WebPage","@id":"https:\/\/www.arbataxpark.com\/fr\/evenements-et-temps-libre\/excursions\/","url":"https:\/\/www.arbataxpark.com\/fr\/evenements-et-temps-libre\/excursions\/","name":"Excursions - Arbatax Park","isPartOf":{"@id":"https:\/\/www.arbataxpark.com\/fr\/#website"},"datePublished":"2019-04-10T12:39:28+00:00","dateModified":"2023-04-17T11:07:25+00:00","breadcrumb":{"@id":"https:\/\/www.arbataxpark.com\/fr\/evenements-et-temps-libre\/excursions\/#breadcrumb"},"inLanguage":"fr-FR","potentialAction":[{"@type":"ReadAction","target":["https:\/\/www.arbataxpark.com\/fr\/evenements-et-temps-libre\/excursions\/"]}]},{"@type":"BreadcrumbList","@id":"https:\/\/www.arbataxpark.com\/fr\/evenements-et-temps-libre\/excursions\/#breadcrumb","itemListElement":[{"@type":"ListItem","position":1,"name":"Home","item":"https:\/\/www.arbataxpark.com\/fr\/"},{"@type":"ListItem","position":2,"name":"\u00c9v\u00e9nements et temps libre.","item":"https:\/\/www.arbataxpark.com\/fr\/evenements-et-temps-libre\/"},{"@type":"ListItem","position":3,"name":"Excursions"}]},{"@type":"WebSite","@id":"https:\/\/www.arbataxpark.com\/fr\/#website","url":"https:\/\/www.arbataxpark.com\/fr\/","name":"Arbatax Park","description":"Just another ms.decms.eu site","potentialAction":[{"@type":"SearchAction","target":{"@type":"EntryPoint","urlTemplate":"https:\/\/www.arbataxpark.com\/fr\/?s={search_term_string}"},"query-input":{"@type":"PropertyValueSpecification","valueRequired":true,"valueName":"search_term_string"}}],"inLanguage":"fr-FR"}]}},"acf":[],"_links":{"self":[{"href":"https:\/\/www.arbataxpark.com\/fr\/wp-json\/wp\/v2\/pages\/6460","targetHints":{"allow":["GET"]}}],"collection":[{"href":"https:\/\/www.arbataxpark.com\/fr\/wp-json\/wp\/v2\/pages"}],"about":[{"href":"https:\/\/www.arbataxpark.com\/fr\/wp-json\/wp\/v2\/types\/page"}],"author":[{"embeddable":true,"href":"https:\/\/www.arbataxpark.com\/fr\/wp-json\/wp\/v2\/users\/21"}],"replies":[{"embeddable":true,"href":"https:\/\/www.arbataxpark.com\/fr\/wp-json\/wp\/v2\/comments?post=6460"}],"version-history":[{"count":0,"href":"https:\/\/www.arbataxpark.com\/fr\/wp-json\/wp\/v2\/pages\/6460\/revisions"}],"up":[{"embeddable":true,"href":"https:\/\/www.arbataxpark.com\/fr\/wp-json\/wp\/v2\/pages\/9773"}],"wp:attachment":[{"href":"https:\/\/www.arbataxpark.com\/fr\/wp-json\/wp\/v2\/media?parent=6460"}],"curies":[{"name":"wp","href":"https:\/\/api.w.org\/{rel}","templated":true}]}}