{"id":9715,"date":"2019-06-25T13:28:38","date_gmt":"2019-06-25T13:28:38","guid":{"rendered":"http:\/\/arbatax-park-group.ms.decms.eu\/?page_id=9715"},"modified":"2023-07-22T08:37:26","modified_gmt":"2023-07-22T08:37:26","slug":"nuit-sarde","status":"publish","type":"page","link":"https:\/\/www.arbataxpark.com\/fr\/evenements-et-temps-libre\/nuit-sarde\/","title":{"rendered":"Nuit sarde"},"content":{"rendered":"<p id=\"tw-target-text\" class=\"tw-data-text tw-text-large tw-ta\" dir=\"ltr\" data-placeholder=\"Traduzione\"><span class=\"Y2IQFc\" lang=\"fr\">Une fois par semaine, nous organisons la \u00abf\u00eate paysanne\u00bb: une soir\u00e9e au cours de laquelle les h\u00f4tes peuvent d\u00e9couvrir les traditions de la Sardaigne sous tous leurs aspects. <\/span><\/p>\n<p class=\"tw-data-text tw-text-large tw-ta\" dir=\"ltr\" data-placeholder=\"Traduzione\"><span class=\"Y2IQFc\" lang=\"fr\">Diff\u00e9rents types de d\u00e9gustations sont propos\u00e9s : r\u00f4tis \u00e0 la broche, fromages et ricotta, poisson frit, raviolis et pistoccu, pain typique, douceurs sardes, past\u00e8que et tomates de notre jardin, etc. <\/span><\/p>\n<p class=\"tw-data-text tw-text-large tw-ta\" dir=\"ltr\" data-placeholder=\"Traduzione\"><span class=\"Y2IQFc\" lang=\"fr\">Autour des tables des artisans, tels que le tailleur, le distillateur, l&rsquo;orf\u00e8vre, le menuisier et les tisseurs de laine, dans une v\u00e9ritable vitrine vivante des traditions de l&rsquo;\u00eele.<\/span><\/p>\n","protected":false},"excerpt":{"rendered":"<p>Une fois par semaine, nous organisons la \u00abf\u00eate paysanne\u00bb: une soir\u00e9e au cours de laquelle les h\u00f4tes peuvent d\u00e9couvrir les traditions de la Sardaigne sous tous leurs aspects. Diff\u00e9rents types de d\u00e9gustations sont propos\u00e9s : r\u00f4tis \u00e0 la broche, fromages et ricotta, poisson frit, raviolis et pistoccu, pain typique, douceurs sardes, past\u00e8que et tomates de [&hellip;]<\/p>\n","protected":false},"author":7,"featured_media":0,"parent":9773,"menu_order":0,"comment_status":"closed","ping_status":"closed","template":"","meta":{"footnotes":""},"class_list":["post-9715","page","type-page","status-publish","hentry"],"yoast_head":"<!-- This site is optimized with the Yoast SEO plugin v26.9 - https:\/\/yoast.com\/product\/yoast-seo-wordpress\/ -->\n<title>Nuit sarde - Arbatax Park<\/title>\n<meta name=\"robots\" content=\"index, follow, max-snippet:-1, max-image-preview:large, max-video-preview:-1\" \/>\n<link rel=\"canonical\" href=\"https:\/\/www.arbataxpark.com\/fr\/evenements-et-temps-libre\/nuit-sarde\/\" \/>\n<meta property=\"og:locale\" content=\"fr_FR\" \/>\n<meta property=\"og:type\" content=\"article\" \/>\n<meta property=\"og:title\" content=\"Nuit sarde - Arbatax Park\" \/>\n<meta property=\"og:description\" content=\"Une fois par semaine, nous organisons la \u00abf\u00eate paysanne\u00bb: une soir\u00e9e au cours de laquelle les h\u00f4tes peuvent d\u00e9couvrir les traditions de la Sardaigne sous tous leurs aspects. Diff\u00e9rents types de d\u00e9gustations sont propos\u00e9s : r\u00f4tis \u00e0 la broche, fromages et ricotta, poisson frit, raviolis et pistoccu, pain typique, douceurs sardes, past\u00e8que et tomates de [&hellip;]\" \/>\n<meta property=\"og:url\" content=\"https:\/\/www.arbataxpark.com\/fr\/evenements-et-temps-libre\/nuit-sarde\/\" \/>\n<meta property=\"og:site_name\" content=\"Arbatax Park\" \/>\n<meta property=\"article:modified_time\" content=\"2023-07-22T08:37:26+00:00\" \/>\n<meta name=\"twitter:card\" content=\"summary_large_image\" \/>\n<script type=\"application\/ld+json\" class=\"yoast-schema-graph\">{\"@context\":\"https:\/\/schema.org\",\"@graph\":[{\"@type\":\"WebPage\",\"@id\":\"https:\/\/www.arbataxpark.com\/fr\/evenements-et-temps-libre\/nuit-sarde\/\",\"url\":\"https:\/\/www.arbataxpark.com\/fr\/evenements-et-temps-libre\/nuit-sarde\/\",\"name\":\"Nuit sarde - Arbatax Park\",\"isPartOf\":{\"@id\":\"https:\/\/www.arbataxpark.com\/fr\/#website\"},\"datePublished\":\"2019-06-25T13:28:38+00:00\",\"dateModified\":\"2023-07-22T08:37:26+00:00\",\"breadcrumb\":{\"@id\":\"https:\/\/www.arbataxpark.com\/fr\/evenements-et-temps-libre\/nuit-sarde\/#breadcrumb\"},\"inLanguage\":\"fr-FR\",\"potentialAction\":[{\"@type\":\"ReadAction\",\"target\":[\"https:\/\/www.arbataxpark.com\/fr\/evenements-et-temps-libre\/nuit-sarde\/\"]}]},{\"@type\":\"BreadcrumbList\",\"@id\":\"https:\/\/www.arbataxpark.com\/fr\/evenements-et-temps-libre\/nuit-sarde\/#breadcrumb\",\"itemListElement\":[{\"@type\":\"ListItem\",\"position\":1,\"name\":\"Home\",\"item\":\"https:\/\/www.arbataxpark.com\/fr\/\"},{\"@type\":\"ListItem\",\"position\":2,\"name\":\"\u00c9v\u00e9nements et temps libre.\",\"item\":\"https:\/\/www.arbataxpark.com\/fr\/evenements-et-temps-libre\/\"},{\"@type\":\"ListItem\",\"position\":3,\"name\":\"Nuit sarde\"}]},{\"@type\":\"WebSite\",\"@id\":\"https:\/\/www.arbataxpark.com\/fr\/#website\",\"url\":\"https:\/\/www.arbataxpark.com\/fr\/\",\"name\":\"Arbatax Park\",\"description\":\"Just another ms.decms.eu site\",\"potentialAction\":[{\"@type\":\"SearchAction\",\"target\":{\"@type\":\"EntryPoint\",\"urlTemplate\":\"https:\/\/www.arbataxpark.com\/fr\/?s={search_term_string}\"},\"query-input\":{\"@type\":\"PropertyValueSpecification\",\"valueRequired\":true,\"valueName\":\"search_term_string\"}}],\"inLanguage\":\"fr-FR\"}]}<\/script>\n<!-- \/ Yoast SEO plugin. -->","yoast_head_json":{"title":"Nuit sarde - Arbatax Park","robots":{"index":"index","follow":"follow","max-snippet":"max-snippet:-1","max-image-preview":"max-image-preview:large","max-video-preview":"max-video-preview:-1"},"canonical":"https:\/\/www.arbataxpark.com\/fr\/evenements-et-temps-libre\/nuit-sarde\/","og_locale":"fr_FR","og_type":"article","og_title":"Nuit sarde - Arbatax Park","og_description":"Une fois par semaine, nous organisons la \u00abf\u00eate paysanne\u00bb: une soir\u00e9e au cours de laquelle les h\u00f4tes peuvent d\u00e9couvrir les traditions de la Sardaigne sous tous leurs aspects. Diff\u00e9rents types de d\u00e9gustations sont propos\u00e9s : r\u00f4tis \u00e0 la broche, fromages et ricotta, poisson frit, raviolis et pistoccu, pain typique, douceurs sardes, past\u00e8que et tomates de [&hellip;]","og_url":"https:\/\/www.arbataxpark.com\/fr\/evenements-et-temps-libre\/nuit-sarde\/","og_site_name":"Arbatax Park","article_modified_time":"2023-07-22T08:37:26+00:00","twitter_card":"summary_large_image","schema":{"@context":"https:\/\/schema.org","@graph":[{"@type":"WebPage","@id":"https:\/\/www.arbataxpark.com\/fr\/evenements-et-temps-libre\/nuit-sarde\/","url":"https:\/\/www.arbataxpark.com\/fr\/evenements-et-temps-libre\/nuit-sarde\/","name":"Nuit sarde - Arbatax Park","isPartOf":{"@id":"https:\/\/www.arbataxpark.com\/fr\/#website"},"datePublished":"2019-06-25T13:28:38+00:00","dateModified":"2023-07-22T08:37:26+00:00","breadcrumb":{"@id":"https:\/\/www.arbataxpark.com\/fr\/evenements-et-temps-libre\/nuit-sarde\/#breadcrumb"},"inLanguage":"fr-FR","potentialAction":[{"@type":"ReadAction","target":["https:\/\/www.arbataxpark.com\/fr\/evenements-et-temps-libre\/nuit-sarde\/"]}]},{"@type":"BreadcrumbList","@id":"https:\/\/www.arbataxpark.com\/fr\/evenements-et-temps-libre\/nuit-sarde\/#breadcrumb","itemListElement":[{"@type":"ListItem","position":1,"name":"Home","item":"https:\/\/www.arbataxpark.com\/fr\/"},{"@type":"ListItem","position":2,"name":"\u00c9v\u00e9nements et temps libre.","item":"https:\/\/www.arbataxpark.com\/fr\/evenements-et-temps-libre\/"},{"@type":"ListItem","position":3,"name":"Nuit sarde"}]},{"@type":"WebSite","@id":"https:\/\/www.arbataxpark.com\/fr\/#website","url":"https:\/\/www.arbataxpark.com\/fr\/","name":"Arbatax Park","description":"Just another ms.decms.eu site","potentialAction":[{"@type":"SearchAction","target":{"@type":"EntryPoint","urlTemplate":"https:\/\/www.arbataxpark.com\/fr\/?s={search_term_string}"},"query-input":{"@type":"PropertyValueSpecification","valueRequired":true,"valueName":"search_term_string"}}],"inLanguage":"fr-FR"}]}},"acf":[],"_links":{"self":[{"href":"https:\/\/www.arbataxpark.com\/fr\/wp-json\/wp\/v2\/pages\/9715","targetHints":{"allow":["GET"]}}],"collection":[{"href":"https:\/\/www.arbataxpark.com\/fr\/wp-json\/wp\/v2\/pages"}],"about":[{"href":"https:\/\/www.arbataxpark.com\/fr\/wp-json\/wp\/v2\/types\/page"}],"author":[{"embeddable":true,"href":"https:\/\/www.arbataxpark.com\/fr\/wp-json\/wp\/v2\/users\/7"}],"replies":[{"embeddable":true,"href":"https:\/\/www.arbataxpark.com\/fr\/wp-json\/wp\/v2\/comments?post=9715"}],"version-history":[{"count":0,"href":"https:\/\/www.arbataxpark.com\/fr\/wp-json\/wp\/v2\/pages\/9715\/revisions"}],"up":[{"embeddable":true,"href":"https:\/\/www.arbataxpark.com\/fr\/wp-json\/wp\/v2\/pages\/9773"}],"wp:attachment":[{"href":"https:\/\/www.arbataxpark.com\/fr\/wp-json\/wp\/v2\/media?parent=9715"}],"curies":[{"name":"wp","href":"https:\/\/api.w.org\/{rel}","templated":true}]}}